{"id":6925,"date":"2026-02-08T12:34:02","date_gmt":"2026-02-08T12:34:02","guid":{"rendered":"https:\/\/dulyere.com\/mentions-legales\/"},"modified":"2026-02-27T17:26:35","modified_gmt":"2026-02-27T17:26:35","slug":"mentions-legales","status":"publish","type":"page","link":"https:\/\/dulyere.com\/nl\/mentions-legales\/","title":{"rendered":"Wettelijke vermeldingen"},"content":{"rendered":"\t\t<div data-elementor-type=\"wp-page\" data-elementor-id=\"6925\" class=\"elementor elementor-6925 elementor-6876\" data-elementor-post-type=\"page\">\n\t\t\t\t<div class=\"elementor-element elementor-element-bab6ae5 e-flex e-con-boxed e-con e-parent\" data-id=\"bab6ae5\" data-element_type=\"container\" data-e-type=\"container\">\n\t\t\t\t\t<div class=\"e-con-inner\">\n\t\t\t\t<div class=\"elementor-element elementor-element-f68c443 elementor-widget elementor-widget-heading\" data-id=\"f68c443\" data-element_type=\"widget\" data-e-type=\"widget\" data-widget_type=\"heading.default\">\n\t\t\t\t\t<h2 class=\"elementor-heading-title elementor-size-default\">Wettelijke vermeldingen  <\/h2>\t\t\t\t<\/div>\n\t\t\t\t\t<\/div>\n\t\t\t\t<\/div>\n\t\t<div class=\"elementor-element elementor-element-569d571 e-flex e-con-boxed e-con e-parent\" data-id=\"569d571\" data-element_type=\"container\" data-e-type=\"container\">\n\t\t\t\t\t<div class=\"e-con-inner\">\n\t\t\t\t<div class=\"elementor-element elementor-element-d5b6af9 elementor-widget elementor-widget-text-editor\" data-id=\"d5b6af9\" data-element_type=\"widget\" data-e-type=\"widget\" data-widget_type=\"text-editor.default\">\n\t\t\t\t\t\t\t\t\t<h3 data-path-to-node=\"4\">1. De uitgever van de website  <\/h3><ul data-path-to-node=\"6\"><li><p data-path-to-node=\"6,0,0\"><b data-path-to-node=\"6,0,0\" data-index-in-node=\"0\">Bedrijfsnaam<\/b>: Fr\u00e9d\u00e9ric Dulyere<\/p><\/li><li><p data-path-to-node=\"6,1,0\"><b data-path-to-node=\"6,1,0\" data-index-in-node=\"0\">Rechtsvorm:<\/b> <\/p><\/li><li><p data-path-to-node=\"6,2,0\"><b data-path-to-node=\"6,2,0\" data-index-in-node=\"0\">Adres van de maatschappelijke zetel:<\/b> 2 Rue d&#8217;en Haut, Roisin 7387, Belgi\u00eb<\/p><\/li><li><p data-path-to-node=\"6,2,0\"><b data-path-to-node=\"6,3,0\" data-index-in-node=\"0\">Ondernemingsnummer (KBO) \/ btw:<\/b> BE0 791 415 872<\/p><\/li><li><p data-path-to-node=\"6,4,0\"><b data-path-to-node=\"6,4,0\" data-index-in-node=\"0\">Contact-e-mail: <\/b>Dulyere@me.com<\/p><\/li><li><p data-path-to-node=\"6,4,0\"><b data-path-to-node=\"6,5,0\" data-index-in-node=\"0\">Telefoonnummer:<\/b> +32 475 244 071<\/p><\/li><li><p data-path-to-node=\"6,6,0\"><b data-path-to-node=\"6,6,0\" data-index-in-node=\"0\">Verantwoordelijke uitgever:<\/b> Fr\u00e9d\u00e9ric Dulyere<\/p><\/li><\/ul><h3 data-path-to-node=\"7\">2. De hostingprovider (Hostinger)<\/h3><blockquote data-path-to-node=\"9\"><p data-path-to-node=\"9,0\"><b data-path-to-node=\"9,0\" data-index-in-node=\"0\">Hosting:<\/b> De website wordt gehost door <b data-path-to-node=\"9,0\" data-index-in-node=\"38\">Hostinger International Ltd.<\/b> <b data-path-to-node=\"9,0\" data-index-in-node=\"67\">Adres:<\/b> 61 Lordou Vironos Street, 6023 Larnaca, Cyprus. <b data-path-to-node=\"9,0\" data-index-in-node=\"125\">Contact:<\/b> <a class=\"ng-star-inserted\" href=\"https:\/\/www.hostinger.fr\/contact\" target=\"_blank\" rel=\"noopener\" data-hveid=\"0\" data-ved=\"0CAAQ_4QMahgKEwjXyZ-8h8iSAxUAAAAAHQAAAAAQqgI\">https:\/\/www.hostinger.fr\/contact<\/a><\/p><\/blockquote><h3 data-path-to-node=\"10\">3. Intellectuele eigendom<\/h3><blockquote data-path-to-node=\"12\"><p data-path-to-node=\"12,0\">&#8220;De volledige inhoud van deze website valt onder de Belgische en internationale wetgeving inzake auteursrecht en intellectuele eigendom. Alle reproductierechten zijn voorbehouden, ook voor downloadbare documenten en iconografische en fotografische voorstellingen (foto\u2019s, logo\u2019s, teksten). Het reproduceren van deze website, geheel of gedeeltelijk, op eender welke elektronische drager is strikt verboden, behalve met uitdrukkelijke toestemming van de verantwoordelijke uitgever.&#8221;<br><br>Deze website gebruikt uitsluitend technische cookies die strikt noodzakelijk zijn voor een goede werking (met name voor het taalbeheer via WPML en de beveiliging). Deze cookies vereisen geen toestemming en verzamelen geen persoonsgegevens voor advertentie- of analysedoeleinden. <\/p><\/blockquote>\t\t\t\t\t\t\t\t<\/div>\n\t\t\t\t\t<\/div>\n\t\t\t\t<\/div>\n\t\t\t\t<\/div>\n\t\t","protected":false},"excerpt":{"rendered":"<p>Wettelijke vermeldingen 1. De uitgever van de website Bedrijfsnaam: Fr\u00e9d\u00e9ric Dulyere Rechtsvorm: Adres van de maatschappelijke zetel: 2 Rue d&#8217;en Haut, Roisin 7387, Belgi\u00eb Ondernemingsnummer (KBO) \/ btw: BE0 791 415 872 Contact-e-mail: Dulyere@me.com Telefoonnummer: +32 475 244 071 Verantwoordelijke uitgever: Fr\u00e9d\u00e9ric Dulyere 2. De hostingprovider (Hostinger) Hosting: De website wordt gehost door Hostinger International [&hellip;]<\/p>\n","protected":false},"author":1,"featured_media":0,"parent":0,"menu_order":0,"comment_status":"closed","ping_status":"closed","template":"elementor_header_footer","meta":{"footnotes":""},"class_list":["post-6925","page","type-page","status-publish","hentry"],"yoast_head":"<!-- This site is optimized with the Yoast SEO plugin v26.9 - https:\/\/yoast.com\/product\/yoast-seo-wordpress\/ -->\n<title>Wettelijke vermeldingen - Fr\u00e9d\u00e9ric Duly\u00e8re<\/title>\n<meta name=\"robots\" content=\"noindex, follow\" \/>\n<meta property=\"og:locale\" content=\"nl_NL\" \/>\n<meta property=\"og:type\" content=\"article\" \/>\n<meta property=\"og:title\" content=\"Wettelijke vermeldingen - Fr\u00e9d\u00e9ric Duly\u00e8re\" \/>\n<meta property=\"og:description\" content=\"Wettelijke vermeldingen 1. De uitgever van de website Bedrijfsnaam: Fr\u00e9d\u00e9ric Dulyere Rechtsvorm: Adres van de maatschappelijke zetel: 2 Rue d&#8217;en Haut, Roisin 7387, Belgi\u00eb Ondernemingsnummer (KBO) \/ btw: BE0 791 415 872 Contact-e-mail: Dulyere@me.com Telefoonnummer: +32 475 244 071 Verantwoordelijke uitgever: Fr\u00e9d\u00e9ric Dulyere 2. De hostingprovider (Hostinger) Hosting: De website wordt gehost door Hostinger International [&hellip;]\" \/>\n<meta property=\"og:url\" content=\"https:\/\/dulyere.com\/nl\/mentions-legales\/\" \/>\n<meta property=\"og:site_name\" content=\"Fr\u00e9d\u00e9ric Duly\u00e8re\" \/>\n<meta property=\"article:modified_time\" content=\"2026-02-27T17:26:35+00:00\" \/>\n<meta name=\"twitter:card\" content=\"summary_large_image\" \/>\n<meta name=\"twitter:label1\" content=\"Geschatte leestijd\" \/>\n\t<meta name=\"twitter:data1\" content=\"1 minuut\" \/>\n<script type=\"application\/ld+json\" class=\"yoast-schema-graph\">{\"@context\":\"https:\/\/schema.org\",\"@graph\":[{\"@type\":\"WebPage\",\"@id\":\"https:\/\/dulyere.com\/nl\/mentions-legales\/\",\"url\":\"https:\/\/dulyere.com\/nl\/mentions-legales\/\",\"name\":\"Wettelijke vermeldingen - Fr\u00e9d\u00e9ric Duly\u00e8re\",\"isPartOf\":{\"@id\":\"https:\/\/dulyere.com\/nl\/#website\"},\"datePublished\":\"2026-02-08T12:34:02+00:00\",\"dateModified\":\"2026-02-27T17:26:35+00:00\",\"breadcrumb\":{\"@id\":\"https:\/\/dulyere.com\/nl\/mentions-legales\/#breadcrumb\"},\"inLanguage\":\"nl-NL\",\"potentialAction\":[{\"@type\":\"ReadAction\",\"target\":[\"https:\/\/dulyere.com\/nl\/mentions-legales\/\"]}]},{\"@type\":\"BreadcrumbList\",\"@id\":\"https:\/\/dulyere.com\/nl\/mentions-legales\/#breadcrumb\",\"itemListElement\":[{\"@type\":\"ListItem\",\"position\":1,\"name\":\"Accueil\",\"item\":\"https:\/\/dulyere.com\/nl\/\"},{\"@type\":\"ListItem\",\"position\":2,\"name\":\"Wettelijke vermeldingen\"}]},{\"@type\":\"WebSite\",\"@id\":\"https:\/\/dulyere.com\/nl\/#website\",\"url\":\"https:\/\/dulyere.com\/nl\/\",\"name\":\"Fr\u00e9d\u00e9ric Duly\u00e8re\",\"description\":\"\",\"potentialAction\":[{\"@type\":\"SearchAction\",\"target\":{\"@type\":\"EntryPoint\",\"urlTemplate\":\"https:\/\/dulyere.com\/nl\/?s={search_term_string}\"},\"query-input\":{\"@type\":\"PropertyValueSpecification\",\"valueRequired\":true,\"valueName\":\"search_term_string\"}}],\"inLanguage\":\"nl-NL\"}]}<\/script>\n<!-- \/ Yoast SEO plugin. -->","yoast_head_json":{"title":"Wettelijke vermeldingen - Fr\u00e9d\u00e9ric Duly\u00e8re","robots":{"index":"noindex","follow":"follow"},"og_locale":"nl_NL","og_type":"article","og_title":"Wettelijke vermeldingen - Fr\u00e9d\u00e9ric Duly\u00e8re","og_description":"Wettelijke vermeldingen 1. De uitgever van de website Bedrijfsnaam: Fr\u00e9d\u00e9ric Dulyere Rechtsvorm: Adres van de maatschappelijke zetel: 2 Rue d&#8217;en Haut, Roisin 7387, Belgi\u00eb Ondernemingsnummer (KBO) \/ btw: BE0 791 415 872 Contact-e-mail: Dulyere@me.com Telefoonnummer: +32 475 244 071 Verantwoordelijke uitgever: Fr\u00e9d\u00e9ric Dulyere 2. De hostingprovider (Hostinger) Hosting: De website wordt gehost door Hostinger International [&hellip;]","og_url":"https:\/\/dulyere.com\/nl\/mentions-legales\/","og_site_name":"Fr\u00e9d\u00e9ric Duly\u00e8re","article_modified_time":"2026-02-27T17:26:35+00:00","twitter_card":"summary_large_image","twitter_misc":{"Geschatte leestijd":"1 minuut"},"schema":{"@context":"https:\/\/schema.org","@graph":[{"@type":"WebPage","@id":"https:\/\/dulyere.com\/nl\/mentions-legales\/","url":"https:\/\/dulyere.com\/nl\/mentions-legales\/","name":"Wettelijke vermeldingen - Fr\u00e9d\u00e9ric Duly\u00e8re","isPartOf":{"@id":"https:\/\/dulyere.com\/nl\/#website"},"datePublished":"2026-02-08T12:34:02+00:00","dateModified":"2026-02-27T17:26:35+00:00","breadcrumb":{"@id":"https:\/\/dulyere.com\/nl\/mentions-legales\/#breadcrumb"},"inLanguage":"nl-NL","potentialAction":[{"@type":"ReadAction","target":["https:\/\/dulyere.com\/nl\/mentions-legales\/"]}]},{"@type":"BreadcrumbList","@id":"https:\/\/dulyere.com\/nl\/mentions-legales\/#breadcrumb","itemListElement":[{"@type":"ListItem","position":1,"name":"Accueil","item":"https:\/\/dulyere.com\/nl\/"},{"@type":"ListItem","position":2,"name":"Wettelijke vermeldingen"}]},{"@type":"WebSite","@id":"https:\/\/dulyere.com\/nl\/#website","url":"https:\/\/dulyere.com\/nl\/","name":"Fr\u00e9d\u00e9ric Duly\u00e8re","description":"","potentialAction":[{"@type":"SearchAction","target":{"@type":"EntryPoint","urlTemplate":"https:\/\/dulyere.com\/nl\/?s={search_term_string}"},"query-input":{"@type":"PropertyValueSpecification","valueRequired":true,"valueName":"search_term_string"}}],"inLanguage":"nl-NL"}]}},"_links":{"self":[{"href":"https:\/\/dulyere.com\/nl\/wp-json\/wp\/v2\/pages\/6925","targetHints":{"allow":["GET"]}}],"collection":[{"href":"https:\/\/dulyere.com\/nl\/wp-json\/wp\/v2\/pages"}],"about":[{"href":"https:\/\/dulyere.com\/nl\/wp-json\/wp\/v2\/types\/page"}],"author":[{"embeddable":true,"href":"https:\/\/dulyere.com\/nl\/wp-json\/wp\/v2\/users\/1"}],"replies":[{"embeddable":true,"href":"https:\/\/dulyere.com\/nl\/wp-json\/wp\/v2\/comments?post=6925"}],"version-history":[{"count":3,"href":"https:\/\/dulyere.com\/nl\/wp-json\/wp\/v2\/pages\/6925\/revisions"}],"predecessor-version":[{"id":7123,"href":"https:\/\/dulyere.com\/nl\/wp-json\/wp\/v2\/pages\/6925\/revisions\/7123"}],"wp:attachment":[{"href":"https:\/\/dulyere.com\/nl\/wp-json\/wp\/v2\/media?parent=6925"}],"curies":[{"name":"wp","href":"https:\/\/api.w.org\/{rel}","templated":true}]}}