{"id":7072,"date":"2026-02-11T16:51:35","date_gmt":"2026-02-11T16:51:35","guid":{"rendered":"https:\/\/dulyere.com\/objets-dart-decoration\/"},"modified":"2026-02-20T14:59:49","modified_gmt":"2026-02-20T14:59:49","slug":"objets-dart-decoration","status":"publish","type":"page","link":"https:\/\/dulyere.com\/hu\/objets-dart-decoration\/","title":{"rendered":"M\u0171t\u00e1rgyak &amp; dekor\u00e1ci\u00f3k"},"content":{"rendered":"\t\t<div data-elementor-type=\"wp-page\" data-elementor-id=\"7072\" class=\"elementor elementor-7072 elementor-6991\" data-elementor-post-type=\"page\">\n\t\t\t\t<div class=\"elementor-element elementor-element-77e90eb e-con-full e-flex e-con e-parent\" data-id=\"77e90eb\" data-element_type=\"container\" data-e-type=\"container\" data-settings=\"{&quot;background_background&quot;:&quot;classic&quot;}\">\n\t\t\t\t<div class=\"elementor-element elementor-element-171fdb7 animated-slow elementor-widget-mobile__width-inherit elementor-invisible elementor-widget elementor-widget-heading\" data-id=\"171fdb7\" data-element_type=\"widget\" data-e-type=\"widget\" data-settings=\"{&quot;_animation&quot;:&quot;fadeIn&quot;}\" data-widget_type=\"heading.default\">\n\t\t\t\t\t<h1 class=\"elementor-heading-title elementor-size-default\">M\u0171t\u00e1rgyak &amp; dekor\u00e1ci\u00f3<\/h1>\t\t\t\t<\/div>\n\t\t\t\t<div class=\"elementor-element elementor-element-06fc34f animated-slow elementor-invisible elementor-widget elementor-widget-text-editor\" data-id=\"06fc34f\" data-element_type=\"widget\" data-e-type=\"widget\" data-settings=\"{&quot;_animation&quot;:&quot;fadeIn&quot;}\" data-widget_type=\"text-editor.default\">\n\t\t\t\t\t\t\t\t\t<p>Fedezze fel m\u0171t\u00e1rgyainkat <\/p>\t\t\t\t\t\t\t\t<\/div>\n\t\t\t\t<\/div>\n\t\t<div class=\"elementor-element elementor-element-97e70ee e-con-full e-flex e-con e-parent\" data-id=\"97e70ee\" data-element_type=\"container\" data-e-type=\"container\" data-settings=\"{&quot;background_background&quot;:&quot;classic&quot;,&quot;animation_mobile&quot;:&quot;fadeIn&quot;}\">\n\t\t<div class=\"elementor-element elementor-element-c6a7b56 e-con-full e-flex e-con e-child\" data-id=\"c6a7b56\" data-element_type=\"container\" data-e-type=\"container\">\n\t\t\t\t<div class=\"elementor-element elementor-element-a969650 elementor-widget elementor-widget-heading\" data-id=\"a969650\" data-element_type=\"widget\" data-e-type=\"widget\" data-widget_type=\"heading.default\">\n\t\t\t\t\t<h2 class=\"elementor-heading-title elementor-size-default\">M\u0171t\u00e1rgy &amp; dekor\u00e1ci\u00f3 gy\u0171jtem\u00e9ny\u00fcnk<\/h2>\t\t\t\t<\/div>\n\t\t\t\t<div class=\"elementor-element elementor-element-981a6f7 elementor-widget elementor-widget-text-editor\" data-id=\"981a6f7\" data-element_type=\"widget\" data-e-type=\"widget\" data-widget_type=\"text-editor.default\">\n\t\t\t\t\t\t\t\t\t<p>Az antik t\u00e1rgyak v\u00e1s\u00e1rl\u00e1sa \u00e9s elad\u00e1sa \u00e9vezredes t\u00f6rt\u00e9nelembe illeszkedik. Maga a kifejez\u00e9s a r\u00f3mai \u00f3korba vezet vissza benn\u00fcnket, abba az id\u0151be, amikor a nagy gy\u0171jt\u0151k szerett\u00e9k otthonaikat r\u00e9gi t\u00e1rgyakkal d\u00edsz\u00edteni, amelyek sz\u00e9ps\u00e9get, eml\u00e9ket \u00e9s preszt\u00edzst hordoztak. <\/p><p>A ritkas\u00e1g \u00e9s a kiv\u00e9teless\u00e9g keres\u00e9se azonban nem ker\u00fcli el a divat jelens\u00e9geit: ami ma vonz\u00f3, az tegnap m\u00e9g figyelmen k\u00edv\u00fcl hagyott lehetett, \u00e9s holnap tal\u00e1n elhanyagolj\u00e1k.<\/p><p>A trendeken t\u00fal a l\u00e9nyeg az \u00f6r\u00f6m marad. Olyan t\u00e1rgyak k\u00f6z\u00f6tt \u00e9lni, amelyeket szeret\u00fcnk, amelyek \u00e1tv\u00e9szelt\u00e9k az id\u0151t, amelyek a m\u00falt \u00e9letek nyomait hordozz\u00e1k, \u00e9s amelyeket tart\u00f3sra terveztek. Az antikvit\u00e1sok \u00e9s m\u0171t\u00e1rgyak nem csup\u00e1n a m\u00falt tan\u00fai: teljes m\u00e9rt\u00e9kben megtal\u00e1lj\u00e1k hely\u00fcket a jelenben, az otthonok sz\u00edv\u00e9ben \u00e9s az azokat \u00fajra\u00e9leszt\u0151 tekintetekben.  <\/p>\t\t\t\t\t\t\t\t<\/div>\n\t\t\t\t<div class=\"elementor-element elementor-element-58ae772 elementor-align-center elementor-widget elementor-widget-button\" data-id=\"58ae772\" data-element_type=\"widget\" data-e-type=\"widget\" data-settings=\"{&quot;motion_fx_motion_fx_scrolling&quot;:&quot;yes&quot;,&quot;motion_fx_devices&quot;:[&quot;desktop&quot;,&quot;tablet&quot;,&quot;mobile&quot;]}\" data-widget_type=\"button.default\">\n\t\t\t\t\t\t\t\t\t\t<a class=\"elementor-button elementor-button-link elementor-size-sm\" href=\"https:\/\/www.proantic.com\/galerie\/frederic-dulyere\/?idCtg=4&#038;select=1\">\n\t\t\t\t\t\t<span class=\"elementor-button-content-wrapper\">\n\t\t\t\t\t\t\t\t\t<span class=\"elementor-button-text\">Tekintse meg antik boltunkat<\/span>\n\t\t\t\t\t<\/span>\n\t\t\t\t\t<\/a>\n\t\t\t\t\t\t\t\t<\/div>\n\t\t\t\t<\/div>\n\t\t\t\t<\/div>\n\t\t<div class=\"elementor-element elementor-element-e7e9054 e-con-full e-flex e-con e-parent\" data-id=\"e7e9054\" data-element_type=\"container\" data-e-type=\"container\" data-settings=\"{&quot;background_background&quot;:&quot;classic&quot;,&quot;animation_mobile&quot;:&quot;fadeIn&quot;}\">\n\t\t<div class=\"elementor-element elementor-element-ce00d58 e-con-full e-flex elementor-invisible e-con e-child\" data-id=\"ce00d58\" data-element_type=\"container\" data-e-type=\"container\" data-settings=\"{&quot;animation&quot;:&quot;fadeIn&quot;,&quot;background_background&quot;:&quot;slideshow&quot;,&quot;background_slideshow_gallery&quot;:[{&quot;id&quot;:7076,&quot;url&quot;:&quot;http:\\\/\\\/dulyere.com\\\/wp-content\\\/uploads\\\/2025\\\/11\\\/IMG_4421-scaled.jpeg&quot;},{&quot;id&quot;:7077,&quot;url&quot;:&quot;http:\\\/\\\/dulyere.com\\\/wp-content\\\/uploads\\\/2025\\\/11\\\/IMG_4438-1-scaled.jpeg&quot;},{&quot;id&quot;:7078,&quot;url&quot;:&quot;http:\\\/\\\/dulyere.com\\\/wp-content\\\/uploads\\\/2025\\\/11\\\/IMG_4431-scaled.jpeg&quot;},{&quot;id&quot;:7074,&quot;url&quot;:&quot;http:\\\/\\\/dulyere.com\\\/wp-content\\\/uploads\\\/2025\\\/10\\\/IMG_4423-scaled.jpeg&quot;}],&quot;background_slideshow_loop&quot;:&quot;yes&quot;,&quot;background_slideshow_slide_duration&quot;:5000,&quot;background_slideshow_slide_transition&quot;:&quot;fade&quot;,&quot;background_slideshow_transition_duration&quot;:500}\">\n\t\t\t\t<\/div>\n\t\t\t\t<\/div>\n\t\t<div class=\"elementor-element elementor-element-50964d4 e-flex e-con-boxed e-con e-parent\" data-id=\"50964d4\" data-element_type=\"container\" data-e-type=\"container\" data-settings=\"{&quot;background_background&quot;:&quot;classic&quot;}\">\n\t\t\t\t\t<div class=\"e-con-inner\">\n\t\t\t\t<div class=\"elementor-element elementor-element-ed7828d elementor-widget elementor-widget-heading\" data-id=\"ed7828d\" data-element_type=\"widget\" data-e-type=\"widget\" data-widget_type=\"heading.default\">\n\t\t\t\t\t<h2 class=\"elementor-heading-title elementor-size-default\">Ismerje meg szakter\u00fcleteinket<\/h2>\t\t\t\t<\/div>\n\t\t<div class=\"elementor-element elementor-element-525d283 e-con-full e-flex e-con e-child\" data-id=\"525d283\" data-element_type=\"container\" data-e-type=\"container\">\n\t\t<a class=\"elementor-element elementor-element-0e99474 e-con-full e-flex e-con e-child\" data-id=\"0e99474\" data-element_type=\"container\" data-e-type=\"container\" data-settings=\"{&quot;background_background&quot;:&quot;slideshow&quot;,&quot;background_slideshow_gallery&quot;:[{&quot;id&quot;:6753,&quot;url&quot;:&quot;http:\\\/\\\/dulyere.com\\\/wp-content\\\/uploads\\\/2025\\\/10\\\/IMG_4426-scaled.jpeg&quot;}],&quot;background_slideshow_loop&quot;:&quot;yes&quot;,&quot;background_slideshow_slide_duration&quot;:5000,&quot;background_slideshow_slide_transition&quot;:&quot;fade&quot;,&quot;background_slideshow_transition_duration&quot;:500}\" href=\"https:\/\/dulyere.com\/hu\/lustres\/\">\n\t\t\t\t<div class=\"elementor-element elementor-element-a04c15d elementor-widget elementor-widget-heading\" data-id=\"a04c15d\" data-element_type=\"widget\" data-e-type=\"widget\" data-widget_type=\"heading.default\">\n\t\t\t\t\t<h2 class=\"elementor-heading-title elementor-size-default\">Csill\u00e1rok <\/h2>\t\t\t\t<\/div>\n\t\t\t\t<\/a>\n\t\t<a class=\"elementor-element elementor-element-af14f38 e-con-full e-flex e-con e-child\" data-id=\"af14f38\" data-element_type=\"container\" data-e-type=\"container\" data-settings=\"{&quot;background_background&quot;:&quot;slideshow&quot;,&quot;background_slideshow_gallery&quot;:[{&quot;id&quot;:7079,&quot;url&quot;:&quot;http:\\\/\\\/dulyere.com\\\/wp-content\\\/uploads\\\/2025\\\/11\\\/IMG_4427-scaled.jpeg&quot;}],&quot;background_slideshow_loop&quot;:&quot;yes&quot;,&quot;background_slideshow_slide_duration&quot;:5000,&quot;background_slideshow_slide_transition&quot;:&quot;fade&quot;,&quot;background_slideshow_transition_duration&quot;:500}\" href=\"https:\/\/dulyere.com\/hu\/tukrok\/\">\n\t\t\t\t<div class=\"elementor-element elementor-element-70834e9 elementor-widget elementor-widget-heading\" data-id=\"70834e9\" data-element_type=\"widget\" data-e-type=\"widget\" data-widget_type=\"heading.default\">\n\t\t\t\t\t<h2 class=\"elementor-heading-title elementor-size-default\">t\u00fckr\u00f6k<\/h2>\t\t\t\t<\/div>\n\t\t\t\t<\/a>\n\t\t<a class=\"elementor-element elementor-element-91074a8 e-con-full e-flex e-con e-child\" data-id=\"91074a8\" data-element_type=\"container\" data-e-type=\"container\" data-settings=\"{&quot;background_background&quot;:&quot;slideshow&quot;,&quot;background_slideshow_gallery&quot;:[{&quot;id&quot;:6757,&quot;url&quot;:&quot;http:\\\/\\\/dulyere.com\\\/wp-content\\\/uploads\\\/2025\\\/10\\\/IMG_4429-scaled.jpeg&quot;}],&quot;background_slideshow_loop&quot;:&quot;yes&quot;,&quot;background_slideshow_slide_duration&quot;:5000,&quot;background_slideshow_slide_transition&quot;:&quot;fade&quot;,&quot;background_slideshow_transition_duration&quot;:500}\" href=\"https:\/\/dulyere.com\/hu\/cheminees\/\">\n\t\t\t\t<div class=\"elementor-element elementor-element-6ae0a4d elementor-widget elementor-widget-heading\" data-id=\"6ae0a4d\" data-element_type=\"widget\" data-e-type=\"widget\" data-widget_type=\"heading.default\">\n\t\t\t\t\t<h2 class=\"elementor-heading-title elementor-size-default\">Kandall\u00f3k <\/h2>\t\t\t\t<\/div>\n\t\t\t\t<\/a>\n\t\t\t\t<\/div>\n\t\t\t\t\t<\/div>\n\t\t\t\t<\/div>\n\t\t\t\t<\/div>\n\t\t","protected":false},"excerpt":{"rendered":"<p>M\u0171t\u00e1rgyak &amp; dekor\u00e1ci\u00f3 Fedezze fel m\u0171t\u00e1rgyainkat M\u0171t\u00e1rgy &amp; dekor\u00e1ci\u00f3 gy\u0171jtem\u00e9ny\u00fcnk Az antik t\u00e1rgyak v\u00e1s\u00e1rl\u00e1sa \u00e9s elad\u00e1sa \u00e9vezredes t\u00f6rt\u00e9nelembe illeszkedik. Maga a kifejez\u00e9s a r\u00f3mai \u00f3korba vezet vissza benn\u00fcnket, abba az id\u0151be, amikor a nagy gy\u0171jt\u0151k szerett\u00e9k otthonaikat r\u00e9gi t\u00e1rgyakkal d\u00edsz\u00edteni, amelyek sz\u00e9ps\u00e9get, eml\u00e9ket \u00e9s preszt\u00edzst hordoztak. A ritkas\u00e1g \u00e9s a kiv\u00e9teless\u00e9g keres\u00e9se azonban nem ker\u00fcli [&hellip;]<\/p>\n","protected":false},"author":1,"featured_media":0,"parent":0,"menu_order":0,"comment_status":"closed","ping_status":"closed","template":"elementor_header_footer","meta":{"footnotes":""},"class_list":["post-7072","page","type-page","status-publish","hentry"],"yoast_head":"<!-- This site is optimized with the Yoast SEO plugin v26.9 - https:\/\/yoast.com\/product\/yoast-seo-wordpress\/ -->\n<title>M\u0171t\u00e1rgyak &amp; Dekor\u00e1ci\u00f3 | Gy\u0171jt\u0151i darabok | Duly\u00e8re<\/title>\n<meta name=\"description\" content=\"Fedezze fel id\u0151tlen m\u0171t\u00e1rgyaink \u00e9s dekor\u00e1ci\u00f3s t\u00e1rgyaink v\u00e1laszt\u00e9k\u00e1t. Ritka, t\u00f6rt\u00e9nelmi jelent\u0151s\u00e9g\u0171 \u00e9s preszt\u00edzst sug\u00e1rz\u00f3 darabok, melyeket az \u00f6r\u00f6kk\u00e9val\u00f3s\u00e1gnak alkottak.\" \/>\n<meta name=\"robots\" content=\"index, follow, max-snippet:-1, max-image-preview:large, max-video-preview:-1\" \/>\n<link rel=\"canonical\" href=\"https:\/\/dulyere.com\/hu\/objets-dart-decoration\/\" \/>\n<meta property=\"og:locale\" content=\"hu_HU\" \/>\n<meta property=\"og:type\" content=\"article\" \/>\n<meta property=\"og:title\" content=\"M\u0171t\u00e1rgyak &amp; Dekor\u00e1ci\u00f3 | Gy\u0171jt\u0151i darabok | Duly\u00e8re\" \/>\n<meta property=\"og:description\" content=\"Fedezze fel id\u0151tlen m\u0171t\u00e1rgyaink \u00e9s dekor\u00e1ci\u00f3s t\u00e1rgyaink v\u00e1laszt\u00e9k\u00e1t. Ritka, t\u00f6rt\u00e9nelmi jelent\u0151s\u00e9g\u0171 \u00e9s preszt\u00edzst sug\u00e1rz\u00f3 darabok, melyeket az \u00f6r\u00f6kk\u00e9val\u00f3s\u00e1gnak alkottak.\" \/>\n<meta property=\"og:url\" content=\"https:\/\/dulyere.com\/hu\/objets-dart-decoration\/\" \/>\n<meta property=\"og:site_name\" content=\"Fr\u00e9d\u00e9ric Duly\u00e8re\" \/>\n<meta property=\"article:modified_time\" content=\"2026-02-20T14:59:49+00:00\" \/>\n<meta name=\"twitter:card\" content=\"summary_large_image\" \/>\n<meta name=\"twitter:label1\" content=\"Becs\u00fclt olvas\u00e1si id\u0151\" \/>\n\t<meta name=\"twitter:data1\" content=\"1 perc\" \/>\n<script type=\"application\/ld+json\" class=\"yoast-schema-graph\">{\"@context\":\"https:\/\/schema.org\",\"@graph\":[{\"@type\":\"WebPage\",\"@id\":\"https:\/\/dulyere.com\/hu\/objets-dart-decoration\/\",\"url\":\"https:\/\/dulyere.com\/hu\/objets-dart-decoration\/\",\"name\":\"M\u0171t\u00e1rgyak & Dekor\u00e1ci\u00f3 | Gy\u0171jt\u0151i darabok | Duly\u00e8re\",\"isPartOf\":{\"@id\":\"https:\/\/dulyere.com\/hu\/#website\"},\"datePublished\":\"2026-02-11T16:51:35+00:00\",\"dateModified\":\"2026-02-20T14:59:49+00:00\",\"description\":\"Fedezze fel id\u0151tlen m\u0171t\u00e1rgyaink \u00e9s dekor\u00e1ci\u00f3s t\u00e1rgyaink v\u00e1laszt\u00e9k\u00e1t. Ritka, t\u00f6rt\u00e9nelmi jelent\u0151s\u00e9g\u0171 \u00e9s preszt\u00edzst sug\u00e1rz\u00f3 darabok, melyeket az \u00f6r\u00f6kk\u00e9val\u00f3s\u00e1gnak alkottak.\",\"breadcrumb\":{\"@id\":\"https:\/\/dulyere.com\/hu\/objets-dart-decoration\/#breadcrumb\"},\"inLanguage\":\"hu\",\"potentialAction\":[{\"@type\":\"ReadAction\",\"target\":[\"https:\/\/dulyere.com\/hu\/objets-dart-decoration\/\"]}]},{\"@type\":\"BreadcrumbList\",\"@id\":\"https:\/\/dulyere.com\/hu\/objets-dart-decoration\/#breadcrumb\",\"itemListElement\":[{\"@type\":\"ListItem\",\"position\":1,\"name\":\"Accueil\",\"item\":\"https:\/\/dulyere.com\/hu\/\"},{\"@type\":\"ListItem\",\"position\":2,\"name\":\"M\u0171t\u00e1rgyak &amp; dekor\u00e1ci\u00f3k\"}]},{\"@type\":\"WebSite\",\"@id\":\"https:\/\/dulyere.com\/hu\/#website\",\"url\":\"https:\/\/dulyere.com\/hu\/\",\"name\":\"Fr\u00e9d\u00e9ric Duly\u00e8re\",\"description\":\"\",\"potentialAction\":[{\"@type\":\"SearchAction\",\"target\":{\"@type\":\"EntryPoint\",\"urlTemplate\":\"https:\/\/dulyere.com\/hu\/?s={search_term_string}\"},\"query-input\":{\"@type\":\"PropertyValueSpecification\",\"valueRequired\":true,\"valueName\":\"search_term_string\"}}],\"inLanguage\":\"hu\"}]}<\/script>\n<!-- \/ Yoast SEO plugin. -->","yoast_head_json":{"title":"M\u0171t\u00e1rgyak & Dekor\u00e1ci\u00f3 | Gy\u0171jt\u0151i darabok | Duly\u00e8re","description":"Fedezze fel id\u0151tlen m\u0171t\u00e1rgyaink \u00e9s dekor\u00e1ci\u00f3s t\u00e1rgyaink v\u00e1laszt\u00e9k\u00e1t. Ritka, t\u00f6rt\u00e9nelmi jelent\u0151s\u00e9g\u0171 \u00e9s preszt\u00edzst sug\u00e1rz\u00f3 darabok, melyeket az \u00f6r\u00f6kk\u00e9val\u00f3s\u00e1gnak alkottak.","robots":{"index":"index","follow":"follow","max-snippet":"max-snippet:-1","max-image-preview":"max-image-preview:large","max-video-preview":"max-video-preview:-1"},"canonical":"https:\/\/dulyere.com\/hu\/objets-dart-decoration\/","og_locale":"hu_HU","og_type":"article","og_title":"M\u0171t\u00e1rgyak & Dekor\u00e1ci\u00f3 | Gy\u0171jt\u0151i darabok | Duly\u00e8re","og_description":"Fedezze fel id\u0151tlen m\u0171t\u00e1rgyaink \u00e9s dekor\u00e1ci\u00f3s t\u00e1rgyaink v\u00e1laszt\u00e9k\u00e1t. Ritka, t\u00f6rt\u00e9nelmi jelent\u0151s\u00e9g\u0171 \u00e9s preszt\u00edzst sug\u00e1rz\u00f3 darabok, melyeket az \u00f6r\u00f6kk\u00e9val\u00f3s\u00e1gnak alkottak.","og_url":"https:\/\/dulyere.com\/hu\/objets-dart-decoration\/","og_site_name":"Fr\u00e9d\u00e9ric Duly\u00e8re","article_modified_time":"2026-02-20T14:59:49+00:00","twitter_card":"summary_large_image","twitter_misc":{"Becs\u00fclt olvas\u00e1si id\u0151":"1 perc"},"schema":{"@context":"https:\/\/schema.org","@graph":[{"@type":"WebPage","@id":"https:\/\/dulyere.com\/hu\/objets-dart-decoration\/","url":"https:\/\/dulyere.com\/hu\/objets-dart-decoration\/","name":"M\u0171t\u00e1rgyak & Dekor\u00e1ci\u00f3 | Gy\u0171jt\u0151i darabok | Duly\u00e8re","isPartOf":{"@id":"https:\/\/dulyere.com\/hu\/#website"},"datePublished":"2026-02-11T16:51:35+00:00","dateModified":"2026-02-20T14:59:49+00:00","description":"Fedezze fel id\u0151tlen m\u0171t\u00e1rgyaink \u00e9s dekor\u00e1ci\u00f3s t\u00e1rgyaink v\u00e1laszt\u00e9k\u00e1t. Ritka, t\u00f6rt\u00e9nelmi jelent\u0151s\u00e9g\u0171 \u00e9s preszt\u00edzst sug\u00e1rz\u00f3 darabok, melyeket az \u00f6r\u00f6kk\u00e9val\u00f3s\u00e1gnak alkottak.","breadcrumb":{"@id":"https:\/\/dulyere.com\/hu\/objets-dart-decoration\/#breadcrumb"},"inLanguage":"hu","potentialAction":[{"@type":"ReadAction","target":["https:\/\/dulyere.com\/hu\/objets-dart-decoration\/"]}]},{"@type":"BreadcrumbList","@id":"https:\/\/dulyere.com\/hu\/objets-dart-decoration\/#breadcrumb","itemListElement":[{"@type":"ListItem","position":1,"name":"Accueil","item":"https:\/\/dulyere.com\/hu\/"},{"@type":"ListItem","position":2,"name":"M\u0171t\u00e1rgyak &amp; dekor\u00e1ci\u00f3k"}]},{"@type":"WebSite","@id":"https:\/\/dulyere.com\/hu\/#website","url":"https:\/\/dulyere.com\/hu\/","name":"Fr\u00e9d\u00e9ric Duly\u00e8re","description":"","potentialAction":[{"@type":"SearchAction","target":{"@type":"EntryPoint","urlTemplate":"https:\/\/dulyere.com\/hu\/?s={search_term_string}"},"query-input":{"@type":"PropertyValueSpecification","valueRequired":true,"valueName":"search_term_string"}}],"inLanguage":"hu"}]}},"_links":{"self":[{"href":"https:\/\/dulyere.com\/hu\/wp-json\/wp\/v2\/pages\/7072","targetHints":{"allow":["GET"]}}],"collection":[{"href":"https:\/\/dulyere.com\/hu\/wp-json\/wp\/v2\/pages"}],"about":[{"href":"https:\/\/dulyere.com\/hu\/wp-json\/wp\/v2\/types\/page"}],"author":[{"embeddable":true,"href":"https:\/\/dulyere.com\/hu\/wp-json\/wp\/v2\/users\/1"}],"replies":[{"embeddable":true,"href":"https:\/\/dulyere.com\/hu\/wp-json\/wp\/v2\/comments?post=7072"}],"version-history":[{"count":2,"href":"https:\/\/dulyere.com\/hu\/wp-json\/wp\/v2\/pages\/7072\/revisions"}],"predecessor-version":[{"id":7177,"href":"https:\/\/dulyere.com\/hu\/wp-json\/wp\/v2\/pages\/7072\/revisions\/7177"}],"wp:attachment":[{"href":"https:\/\/dulyere.com\/hu\/wp-json\/wp\/v2\/media?parent=7072"}],"curies":[{"name":"wp","href":"https:\/\/api.w.org\/{rel}","templated":true}]}}