{"id":6919,"date":"2026-02-08T12:34:02","date_gmt":"2026-02-08T12:34:02","guid":{"rendered":"https:\/\/dulyere.com\/mentions-legales\/"},"modified":"2026-02-27T17:26:05","modified_gmt":"2026-02-27T17:26:05","slug":"mentions-legales","status":"publish","type":"page","link":"https:\/\/dulyere.com\/hu\/mentions-legales\/","title":{"rendered":"Jogi nyilatkozat"},"content":{"rendered":"\t\t<div data-elementor-type=\"wp-page\" data-elementor-id=\"6919\" class=\"elementor elementor-6919 elementor-6876\" data-elementor-post-type=\"page\">\n\t\t\t\t<div class=\"elementor-element elementor-element-bab6ae5 e-flex e-con-boxed e-con e-parent\" data-id=\"bab6ae5\" data-element_type=\"container\" data-e-type=\"container\">\n\t\t\t\t\t<div class=\"e-con-inner\">\n\t\t\t\t<div class=\"elementor-element elementor-element-f68c443 elementor-widget elementor-widget-heading\" data-id=\"f68c443\" data-element_type=\"widget\" data-e-type=\"widget\" data-widget_type=\"heading.default\">\n\t\t\t\t\t<h2 class=\"elementor-heading-title elementor-size-default\">Jogi Nyilatkozat  <\/h2>\t\t\t\t<\/div>\n\t\t\t\t\t<\/div>\n\t\t\t\t<\/div>\n\t\t<div class=\"elementor-element elementor-element-569d571 e-flex e-con-boxed e-con e-parent\" data-id=\"569d571\" data-element_type=\"container\" data-e-type=\"container\">\n\t\t\t\t\t<div class=\"e-con-inner\">\n\t\t\t\t<div class=\"elementor-element elementor-element-d5b6af9 elementor-widget elementor-widget-text-editor\" data-id=\"d5b6af9\" data-element_type=\"widget\" data-e-type=\"widget\" data-widget_type=\"text-editor.default\">\n\t\t\t\t\t\t\t\t\t<h3 data-path-to-node=\"4\">1. A weboldal kiad\u00f3ja&nbsp;<\/h3>\n<ul data-path-to-node=\"6\">\n<li>\n<p data-path-to-node=\"6,0,0\"><b data-path-to-node=\"6,0,0\" data-index-in-node=\"0\">C\u00e9gn\u00e9v<\/b>: Fr\u00e9d\u00e9ric Dulyere<\/p>\n<\/li>\n<li>\n<p data-path-to-node=\"6,1,0\"><b data-path-to-node=\"6,1,0\" data-index-in-node=\"0\">Jogi forma:<\/b> SRL<\/p>\n<\/li>\n<li>\n<p data-path-to-node=\"6,2,0\"><b data-path-to-node=\"6,2,0\" data-index-in-node=\"0\">Sz\u00e9khely c\u00edme:<\/b> 2 Rue d&#8217;en Haut, Roisin 7387, Belgium<\/p>\n<\/li>\n<li>\n<p data-path-to-node=\"6,2,0\"><b data-path-to-node=\"6,3,0\" data-index-in-node=\"0\">C\u00e9gjegyz\u00e9ksz\u00e1m (BCE) \/ \u00c1FA-sz\u00e1m:<\/b> BE0 791 415 872<\/p>\n<\/li>\n<li>\n<p data-path-to-node=\"6,4,0\"><b data-path-to-node=\"6,4,0\" data-index-in-node=\"0\">Kapcsolattart\u00e1si e-mail: <\/b>Dulyere@me.com<\/p>\n<\/li>\n<li>\n<p data-path-to-node=\"6,4,0\"><b data-path-to-node=\"6,5,0\" data-index-in-node=\"0\">Telefonsz\u00e1m:<\/b> +32 475 244 071<\/p>\n<\/li>\n<li>\n<p data-path-to-node=\"6,6,0\"><b data-path-to-node=\"6,6,0\" data-index-in-node=\"0\">A k\u00f6zz\u00e9t\u00e9tel\u00e9rt felel\u0151s szem\u00e9ly:<\/b> Fr\u00e9d\u00e9ric Dulyere<\/p>\n<\/li>\n<\/ul>\n<h3 data-path-to-node=\"7\">2. A t\u00e1rhelyszolg\u00e1ltat\u00f3 (Hostinger)<\/h3>\n<blockquote data-path-to-node=\"9\">\n<p data-path-to-node=\"9,0\"><b data-path-to-node=\"9,0\" data-index-in-node=\"0\">T\u00e1rhelyszolg\u00e1ltat\u00e1s:<\/b> Az oldalt a <b data-path-to-node=\"9,0\" data-index-in-node=\"38\">Hostinger International Ltd.<\/b> \u00fczemelteti. <b data-path-to-node=\"9,0\" data-index-in-node=\"67\">C\u00edm:<\/b> 61 Lordou Vironos Street, 6023 Larnaca, Ciprus. <b data-path-to-node=\"9,0\" data-index-in-node=\"125\">Kapcsolat:<\/b> <a class=\"ng-star-inserted\" href=\"https:\/\/www.hostinger.fr\/contact\" target=\"_blank\" rel=\"noopener\" data-hveid=\"0\" data-ved=\"0CAAQ_4QMahgKEwjXyZ-8h8iSAxUAAAAAHQAAAAAQqgI\">https:\/\/www.hostinger.fr\/contact<\/a><\/p>\n<\/blockquote>\n<h3 data-path-to-node=\"10\">3. Szellemi tulajdon<\/h3>\n<blockquote data-path-to-node=\"12\">\n<p data-path-to-node=\"12,0\">\u201eEz a teljes weboldal a belga \u00e9s a nemzetk\u00f6zi szerz\u0151i jogi \u00e9s szellemi tulajdonra vonatkoz\u00f3 jogszab\u00e1lyok hat\u00e1lya al\u00e1 tartozik. Minden t\u00f6bbsz\u00f6r\u00f6z\u00e9si jog fenntartva, bele\u00e9rtve a let\u00f6lthet\u0151 dokumentumokat, valamint az ikonogr\u00e1fiai \u00e9s f\u00e9nyk\u00e9p\u00e9szeti \u00e1br\u00e1zol\u00e1sokat (fot\u00f3k, log\u00f3k, sz\u00f6vegek). A weboldal eg\u00e9sz\u00e9nek vagy r\u00e9sz\u00e9nek b\u00e1rmilyen elektronikus adathordoz\u00f3n t\u00f6rt\u00e9n\u0151 t\u00f6bbsz\u00f6r\u00f6z\u00e9se kifejezetten tilos, kiv\u00e9ve a k\u00f6zz\u00e9t\u00e9teli igazgat\u00f3 kifejezett enged\u00e9ly\u00e9vel.\u201d<\/p>\n<p>Ez az oldal kiz\u00e1r\u00f3lag a megfelel\u0151 m\u0171k\u00f6d\u00e9s\u00e9hez szigor\u00faan sz\u00fcks\u00e9ges technikai s\u00fctiket haszn\u00e1l (k\u00fcl\u00f6n\u00f6sen a nyelvkezel\u00e9shez a WPML-en kereszt\u00fcl \u00e9s a biztons\u00e1ghoz). Ezek a s\u00fctik nem ig\u00e9nyelnek hozz\u00e1j\u00e1rul\u00e1st, \u00e9s nem gy\u0171jtenek szem\u00e9lyes adatokat rekl\u00e1m- vagy elemz\u00e9si c\u00e9lokb\u00f3l. <\/p>\n<\/blockquote>\t\t\t\t\t\t\t\t<\/div>\n\t\t\t\t\t<\/div>\n\t\t\t\t<\/div>\n\t\t\t\t<\/div>\n\t\t","protected":false},"excerpt":{"rendered":"<p>Jogi Nyilatkozat 1. A weboldal kiad\u00f3ja&nbsp; C\u00e9gn\u00e9v: Fr\u00e9d\u00e9ric Dulyere Jogi forma: SRL Sz\u00e9khely c\u00edme: 2 Rue d&#8217;en Haut, Roisin 7387, Belgium C\u00e9gjegyz\u00e9ksz\u00e1m (BCE) \/ \u00c1FA-sz\u00e1m: BE0 791 415 872 Kapcsolattart\u00e1si e-mail: Dulyere@me.com Telefonsz\u00e1m: +32 475 244 071 A k\u00f6zz\u00e9t\u00e9tel\u00e9rt felel\u0151s szem\u00e9ly: Fr\u00e9d\u00e9ric Dulyere 2. A t\u00e1rhelyszolg\u00e1ltat\u00f3 (Hostinger) T\u00e1rhelyszolg\u00e1ltat\u00e1s: Az oldalt a Hostinger International Ltd. \u00fczemelteti. [&hellip;]<\/p>\n","protected":false},"author":1,"featured_media":0,"parent":0,"menu_order":0,"comment_status":"closed","ping_status":"closed","template":"elementor_header_footer","meta":{"footnotes":""},"class_list":["post-6919","page","type-page","status-publish","hentry"],"yoast_head":"<!-- This site is optimized with the Yoast SEO plugin v26.9 - https:\/\/yoast.com\/product\/yoast-seo-wordpress\/ -->\n<title>Jogi nyilatkozat - Fr\u00e9d\u00e9ric Duly\u00e8re<\/title>\n<meta name=\"robots\" content=\"noindex, follow\" \/>\n<meta property=\"og:locale\" content=\"hu_HU\" \/>\n<meta property=\"og:type\" content=\"article\" \/>\n<meta property=\"og:title\" content=\"Jogi nyilatkozat - Fr\u00e9d\u00e9ric Duly\u00e8re\" \/>\n<meta property=\"og:description\" content=\"Jogi Nyilatkozat 1. A weboldal kiad\u00f3ja&nbsp; C\u00e9gn\u00e9v: Fr\u00e9d\u00e9ric Dulyere Jogi forma: SRL Sz\u00e9khely c\u00edme: 2 Rue d&#8217;en Haut, Roisin 7387, Belgium C\u00e9gjegyz\u00e9ksz\u00e1m (BCE) \/ \u00c1FA-sz\u00e1m: BE0 791 415 872 Kapcsolattart\u00e1si e-mail: Dulyere@me.com Telefonsz\u00e1m: +32 475 244 071 A k\u00f6zz\u00e9t\u00e9tel\u00e9rt felel\u0151s szem\u00e9ly: Fr\u00e9d\u00e9ric Dulyere 2. A t\u00e1rhelyszolg\u00e1ltat\u00f3 (Hostinger) T\u00e1rhelyszolg\u00e1ltat\u00e1s: Az oldalt a Hostinger International Ltd. \u00fczemelteti. [&hellip;]\" \/>\n<meta property=\"og:url\" content=\"https:\/\/dulyere.com\/hu\/mentions-legales\/\" \/>\n<meta property=\"og:site_name\" content=\"Fr\u00e9d\u00e9ric Duly\u00e8re\" \/>\n<meta property=\"article:modified_time\" content=\"2026-02-27T17:26:05+00:00\" \/>\n<meta name=\"twitter:card\" content=\"summary_large_image\" \/>\n<meta name=\"twitter:label1\" content=\"Becs\u00fclt olvas\u00e1si id\u0151\" \/>\n\t<meta name=\"twitter:data1\" content=\"1 perc\" \/>\n<script type=\"application\/ld+json\" class=\"yoast-schema-graph\">{\"@context\":\"https:\/\/schema.org\",\"@graph\":[{\"@type\":\"WebPage\",\"@id\":\"https:\/\/dulyere.com\/hu\/mentions-legales\/\",\"url\":\"https:\/\/dulyere.com\/hu\/mentions-legales\/\",\"name\":\"Jogi nyilatkozat - Fr\u00e9d\u00e9ric Duly\u00e8re\",\"isPartOf\":{\"@id\":\"https:\/\/dulyere.com\/hu\/#website\"},\"datePublished\":\"2026-02-08T12:34:02+00:00\",\"dateModified\":\"2026-02-27T17:26:05+00:00\",\"breadcrumb\":{\"@id\":\"https:\/\/dulyere.com\/hu\/mentions-legales\/#breadcrumb\"},\"inLanguage\":\"hu\",\"potentialAction\":[{\"@type\":\"ReadAction\",\"target\":[\"https:\/\/dulyere.com\/hu\/mentions-legales\/\"]}]},{\"@type\":\"BreadcrumbList\",\"@id\":\"https:\/\/dulyere.com\/hu\/mentions-legales\/#breadcrumb\",\"itemListElement\":[{\"@type\":\"ListItem\",\"position\":1,\"name\":\"Accueil\",\"item\":\"https:\/\/dulyere.com\/hu\/\"},{\"@type\":\"ListItem\",\"position\":2,\"name\":\"Jogi nyilatkozat\"}]},{\"@type\":\"WebSite\",\"@id\":\"https:\/\/dulyere.com\/hu\/#website\",\"url\":\"https:\/\/dulyere.com\/hu\/\",\"name\":\"Fr\u00e9d\u00e9ric Duly\u00e8re\",\"description\":\"\",\"potentialAction\":[{\"@type\":\"SearchAction\",\"target\":{\"@type\":\"EntryPoint\",\"urlTemplate\":\"https:\/\/dulyere.com\/hu\/?s={search_term_string}\"},\"query-input\":{\"@type\":\"PropertyValueSpecification\",\"valueRequired\":true,\"valueName\":\"search_term_string\"}}],\"inLanguage\":\"hu\"}]}<\/script>\n<!-- \/ Yoast SEO plugin. -->","yoast_head_json":{"title":"Jogi nyilatkozat - Fr\u00e9d\u00e9ric Duly\u00e8re","robots":{"index":"noindex","follow":"follow"},"og_locale":"hu_HU","og_type":"article","og_title":"Jogi nyilatkozat - Fr\u00e9d\u00e9ric Duly\u00e8re","og_description":"Jogi Nyilatkozat 1. A weboldal kiad\u00f3ja&nbsp; C\u00e9gn\u00e9v: Fr\u00e9d\u00e9ric Dulyere Jogi forma: SRL Sz\u00e9khely c\u00edme: 2 Rue d&#8217;en Haut, Roisin 7387, Belgium C\u00e9gjegyz\u00e9ksz\u00e1m (BCE) \/ \u00c1FA-sz\u00e1m: BE0 791 415 872 Kapcsolattart\u00e1si e-mail: Dulyere@me.com Telefonsz\u00e1m: +32 475 244 071 A k\u00f6zz\u00e9t\u00e9tel\u00e9rt felel\u0151s szem\u00e9ly: Fr\u00e9d\u00e9ric Dulyere 2. A t\u00e1rhelyszolg\u00e1ltat\u00f3 (Hostinger) T\u00e1rhelyszolg\u00e1ltat\u00e1s: Az oldalt a Hostinger International Ltd. \u00fczemelteti. [&hellip;]","og_url":"https:\/\/dulyere.com\/hu\/mentions-legales\/","og_site_name":"Fr\u00e9d\u00e9ric Duly\u00e8re","article_modified_time":"2026-02-27T17:26:05+00:00","twitter_card":"summary_large_image","twitter_misc":{"Becs\u00fclt olvas\u00e1si id\u0151":"1 perc"},"schema":{"@context":"https:\/\/schema.org","@graph":[{"@type":"WebPage","@id":"https:\/\/dulyere.com\/hu\/mentions-legales\/","url":"https:\/\/dulyere.com\/hu\/mentions-legales\/","name":"Jogi nyilatkozat - Fr\u00e9d\u00e9ric Duly\u00e8re","isPartOf":{"@id":"https:\/\/dulyere.com\/hu\/#website"},"datePublished":"2026-02-08T12:34:02+00:00","dateModified":"2026-02-27T17:26:05+00:00","breadcrumb":{"@id":"https:\/\/dulyere.com\/hu\/mentions-legales\/#breadcrumb"},"inLanguage":"hu","potentialAction":[{"@type":"ReadAction","target":["https:\/\/dulyere.com\/hu\/mentions-legales\/"]}]},{"@type":"BreadcrumbList","@id":"https:\/\/dulyere.com\/hu\/mentions-legales\/#breadcrumb","itemListElement":[{"@type":"ListItem","position":1,"name":"Accueil","item":"https:\/\/dulyere.com\/hu\/"},{"@type":"ListItem","position":2,"name":"Jogi nyilatkozat"}]},{"@type":"WebSite","@id":"https:\/\/dulyere.com\/hu\/#website","url":"https:\/\/dulyere.com\/hu\/","name":"Fr\u00e9d\u00e9ric Duly\u00e8re","description":"","potentialAction":[{"@type":"SearchAction","target":{"@type":"EntryPoint","urlTemplate":"https:\/\/dulyere.com\/hu\/?s={search_term_string}"},"query-input":{"@type":"PropertyValueSpecification","valueRequired":true,"valueName":"search_term_string"}}],"inLanguage":"hu"}]}},"_links":{"self":[{"href":"https:\/\/dulyere.com\/hu\/wp-json\/wp\/v2\/pages\/6919","targetHints":{"allow":["GET"]}}],"collection":[{"href":"https:\/\/dulyere.com\/hu\/wp-json\/wp\/v2\/pages"}],"about":[{"href":"https:\/\/dulyere.com\/hu\/wp-json\/wp\/v2\/types\/page"}],"author":[{"embeddable":true,"href":"https:\/\/dulyere.com\/hu\/wp-json\/wp\/v2\/users\/1"}],"replies":[{"embeddable":true,"href":"https:\/\/dulyere.com\/hu\/wp-json\/wp\/v2\/comments?post=6919"}],"version-history":[{"count":6,"href":"https:\/\/dulyere.com\/hu\/wp-json\/wp\/v2\/pages\/6919\/revisions"}],"predecessor-version":[{"id":7192,"href":"https:\/\/dulyere.com\/hu\/wp-json\/wp\/v2\/pages\/6919\/revisions\/7192"}],"wp:attachment":[{"href":"https:\/\/dulyere.com\/hu\/wp-json\/wp\/v2\/media?parent=6919"}],"curies":[{"name":"wp","href":"https:\/\/api.w.org\/{rel}","templated":true}]}}