{"id":6688,"date":"2025-09-29T11:16:03","date_gmt":"2025-09-29T11:16:03","guid":{"rendered":"https:\/\/dulyere.com\/qui-sommes-nous\/"},"modified":"2026-02-27T17:23:27","modified_gmt":"2026-02-27T17:23:27","slug":"qui-sommes-nous","status":"publish","type":"page","link":"https:\/\/dulyere.com\/hu\/qui-sommes-nous\/","title":{"rendered":"R\u00f3lunk"},"content":{"rendered":"\t\t<div data-elementor-type=\"wp-page\" data-elementor-id=\"6688\" class=\"elementor elementor-6688 elementor-121\" data-elementor-post-type=\"page\">\n\t\t\t\t<div class=\"elementor-element elementor-element-4fce181 e-flex e-con-boxed e-con e-parent\" data-id=\"4fce181\" data-element_type=\"container\" data-e-type=\"container\" data-settings=\"{&quot;background_background&quot;:&quot;gradient&quot;}\">\n\t\t\t\t\t<div class=\"e-con-inner\">\n\t\t\t\t<div class=\"elementor-element elementor-element-8073d1c elementor-widget elementor-widget-video\" data-id=\"8073d1c\" data-element_type=\"widget\" data-e-type=\"widget\" data-settings=\"{&quot;video_type&quot;:&quot;hosted&quot;,&quot;loop&quot;:&quot;yes&quot;,&quot;autoplay&quot;:&quot;yes&quot;,&quot;play_on_mobile&quot;:&quot;yes&quot;,&quot;controls&quot;:&quot;yes&quot;}\" data-widget_type=\"video.default\">\n\t\t\t\t\t\t\t<div class=\"e-hosted-video elementor-wrapper elementor-open-inline\">\n\t\t\t\t\t<video class=\"elementor-video\" src=\"http:\/\/dulyere.com\/wp-content\/uploads\/2025\/10\/VIDEO_QUI_SOMMES_NOUS_DULYERE.mov\" autoplay=\"\" loop=\"\" controls=\"\" playsinline=\"\" controlsList=\"nodownload\"><\/video>\n\t\t\t\t<\/div>\n\t\t\t\t\t\t<\/div>\n\t\t\t\t\t<\/div>\n\t\t\t\t<\/div>\n\t\t<div class=\"elementor-element elementor-element-7c089e0 e-flex e-con-boxed e-con e-parent\" data-id=\"7c089e0\" data-element_type=\"container\" data-e-type=\"container\" data-settings=\"{&quot;background_background&quot;:&quot;classic&quot;}\">\n\t\t\t\t\t<div class=\"e-con-inner\">\n\t\t<div class=\"elementor-element elementor-element-8dee7e3 e-con-full e-flex e-con e-child\" data-id=\"8dee7e3\" data-element_type=\"container\" data-e-type=\"container\">\n\t\t\t\t<div class=\"elementor-element elementor-element-f296c05 elementor-widget elementor-widget-heading\" data-id=\"f296c05\" data-element_type=\"widget\" data-e-type=\"widget\" data-widget_type=\"heading.default\">\n\t\t\t\t\t<h2 class=\"elementor-heading-title elementor-size-default\">Fr\u00e9d\u00e9ric Dulyere<\/h2>\t\t\t\t<\/div>\n\t\t\t\t<\/div>\n\t\t<div class=\"elementor-element elementor-element-afbfeeb e-con-full e-flex e-con e-child\" data-id=\"afbfeeb\" data-element_type=\"container\" data-e-type=\"container\">\n\t\t\t\t<div class=\"elementor-element elementor-element-9041da7 elementor-widget-tablet__width-initial elementor-widget elementor-widget-image\" data-id=\"9041da7\" data-element_type=\"widget\" data-e-type=\"widget\" data-widget_type=\"image.default\">\n\t\t\t\t\t\t\t\t\t\t\t\t\t\t\t<img fetchpriority=\"high\" decoding=\"async\" width=\"800\" height=\"445\" src=\"https:\/\/dulyere.com\/wp-content\/uploads\/2025\/12\/Gemini_Generated_Image_9srmho9srmho9srm-1024x570.jpeg\" class=\"attachment-large size-large wp-image-6689\" alt=\"photo_frederic_dulyere\" srcset=\"https:\/\/dulyere.com\/wp-content\/uploads\/2025\/12\/Gemini_Generated_Image_9srmho9srmho9srm-1024x570.jpeg 1024w, https:\/\/dulyere.com\/wp-content\/uploads\/2025\/12\/Gemini_Generated_Image_9srmho9srmho9srm-300x167.jpeg 300w, https:\/\/dulyere.com\/wp-content\/uploads\/2025\/12\/Gemini_Generated_Image_9srmho9srmho9srm-768x427.jpeg 768w, https:\/\/dulyere.com\/wp-content\/uploads\/2025\/12\/Gemini_Generated_Image_9srmho9srmho9srm-1536x855.jpeg 1536w, https:\/\/dulyere.com\/wp-content\/uploads\/2025\/12\/Gemini_Generated_Image_9srmho9srmho9srm-2048x1140.jpeg 2048w\" sizes=\"(max-width: 800px) 100vw, 800px\" \/>\t\t\t\t\t\t\t\t\t\t\t\t\t\t\t<\/div>\n\t\t\t\t<\/div>\n\t\t<div class=\"elementor-element elementor-element-091785f e-con-full e-flex e-con e-child\" data-id=\"091785f\" data-element_type=\"container\" data-e-type=\"container\">\n\t\t\t\t<div class=\"elementor-element elementor-element-985eac1 elementor-widget elementor-widget-text-editor\" data-id=\"985eac1\" data-element_type=\"widget\" data-e-type=\"widget\" data-widget_type=\"text-editor.default\">\n\t\t\t\t\t\t\t\t\t<p>Fiatal kora \u00f3ta Fr\u00e9d\u00e9ric Duly\u00e8re arra t\u00f6rekszik, hogy meg\u00e9rtse a t\u00e1rgyak sz\u00e9ps\u00e9g\u00e9t \u00e9s az \u00e1ltaluk k\u00f6zvet\u00edtett \u00e9rzelmeket. M\u0171v\u00e9szett\u00f6rt\u00e9neti \u00e9s r\u00e9g\u00e9szeti tanulm\u00e1nyai a Br\u00fcsszeli Szabadegyetemen szigor\u00fa megk\u00f6zel\u00edt\u00e9st biztos\u00edtanak sz\u00e1m\u00e1ra, de v\u00e1laszt\u00e1sait t\u00f6bb mint harminc \u00e9ve az \u00f6szt\u00f6ne \u00e9s \u00e9lesl\u00e1t\u00e1sa vez\u00e9rli. <\/p><p>A gy\u0171jtem\u00e9nyek \u00e9s t\u00f6rt\u00e9nelmi helyek k\u00edv\u00e1ncsi felfedez\u0151jek\u00e9nt szeret olyan darabokat felfedezni, amelyek \u00e9pp\u00fagy meglepnek, mint amennyire elragadnak: egy Murano csill\u00e1r, amelyet \u00fcvegmesterek form\u00e1ltak, egy m\u00e1rv\u00e1nykandall\u00f3, amelyet egy mag\u00e1npalot\u00e1b\u00f3l mentettek meg, egy m\u0171t\u00e1rgy, amelynek kifinomults\u00e1ga dacol az id\u0151vel.<\/p><p>Minden beszerz\u00e9s egy tal\u00e1lkoz\u00e1s, minden restaur\u00e1l\u00e1s egy \u00fajj\u00e1sz\u00fclet\u00e9s.<\/p><p>Csapat\u00e1val gondoskodik arr\u00f3l, hogy meg\u0151rizze a kiv\u00e1lasztott m\u0171vek lelk\u00e9t, miel\u0151tt azokat el\u0151zetes egyeztet\u00e9s alapj\u00e1n Roisinben vagy elismert szakosodott platformokon bemutatn\u00e1. A gy\u0171jt\u0151k, lakberendez\u0151k \u00e9s hozz\u00e1\u00e9rt\u0151 amat\u0151r\u00f6k el\u00e9gedetts\u00e9ge, akik Belgiumban \u00e9s nemzetk\u00f6zi szinten is bizalmat szavaznak neki, elk\u00f6telezetts\u00e9g\u00e9nek k\u00f6z\u00e9ppontj\u00e1ban \u00e1ll. <\/p><p>A t\u00e1rgyak t\u00f6rt\u00e9net\u00e9nek megoszt\u00e1sa, ragyog\u00e1suk tov\u00e1bbad\u00e1sa \u00e9s olyan darabok felk\u00edn\u00e1l\u00e1sa, amelyek meg\u00e9rintenek: ez Fr\u00e9d\u00e9ric Duly\u00e8re hivat\u00e1sa.<\/p>\t\t\t\t\t\t\t\t<\/div>\n\t\t\t\t<\/div>\n\t\t\t\t\t<\/div>\n\t\t\t\t<\/div>\n\t\t\t\t<\/div>\n\t\t","protected":false},"excerpt":{"rendered":"<p>http:\/\/dulyere.com\/wp-content\/uploads\/2025\/10\/VIDEO_QUI_SOMMES_NOUS_DULYERE.mov Fr\u00e9d\u00e9ric Dulyere Fiatal kora \u00f3ta Fr\u00e9d\u00e9ric Duly\u00e8re arra t\u00f6rekszik, hogy meg\u00e9rtse a t\u00e1rgyak sz\u00e9ps\u00e9g\u00e9t \u00e9s az \u00e1ltaluk k\u00f6zvet\u00edtett \u00e9rzelmeket. M\u0171v\u00e9szett\u00f6rt\u00e9neti \u00e9s r\u00e9g\u00e9szeti tanulm\u00e1nyai a Br\u00fcsszeli Szabadegyetemen szigor\u00fa megk\u00f6zel\u00edt\u00e9st biztos\u00edtanak sz\u00e1m\u00e1ra, de v\u00e1laszt\u00e1sait t\u00f6bb mint harminc \u00e9ve az \u00f6szt\u00f6ne \u00e9s \u00e9lesl\u00e1t\u00e1sa vez\u00e9rli. A gy\u0171jtem\u00e9nyek \u00e9s t\u00f6rt\u00e9nelmi helyek k\u00edv\u00e1ncsi felfedez\u0151jek\u00e9nt szeret olyan darabokat felfedezni, amelyek \u00e9pp\u00fagy [&hellip;]<\/p>\n","protected":false},"author":1,"featured_media":0,"parent":0,"menu_order":0,"comment_status":"closed","ping_status":"closed","template":"elementor_header_footer","meta":{"footnotes":""},"class_list":["post-6688","page","type-page","status-publish","hentry"],"yoast_head":"<!-- This site is optimized with the Yoast SEO plugin v26.9 - https:\/\/yoast.com\/product\/yoast-seo-wordpress\/ -->\n<title>R\u00f3lunk - Fr\u00e9d\u00e9ric Duly\u00e8re<\/title>\n<meta name=\"robots\" content=\"index, follow, max-snippet:-1, max-image-preview:large, max-video-preview:-1\" \/>\n<link rel=\"canonical\" href=\"https:\/\/dulyere.com\/hu\/qui-sommes-nous\/\" \/>\n<meta property=\"og:locale\" content=\"hu_HU\" \/>\n<meta property=\"og:type\" content=\"article\" \/>\n<meta property=\"og:title\" content=\"R\u00f3lunk - Fr\u00e9d\u00e9ric Duly\u00e8re\" \/>\n<meta property=\"og:description\" content=\"http:\/\/dulyere.com\/wp-content\/uploads\/2025\/10\/VIDEO_QUI_SOMMES_NOUS_DULYERE.mov Fr\u00e9d\u00e9ric Dulyere Fiatal kora \u00f3ta Fr\u00e9d\u00e9ric Duly\u00e8re arra t\u00f6rekszik, hogy meg\u00e9rtse a t\u00e1rgyak sz\u00e9ps\u00e9g\u00e9t \u00e9s az \u00e1ltaluk k\u00f6zvet\u00edtett \u00e9rzelmeket. M\u0171v\u00e9szett\u00f6rt\u00e9neti \u00e9s r\u00e9g\u00e9szeti tanulm\u00e1nyai a Br\u00fcsszeli Szabadegyetemen szigor\u00fa megk\u00f6zel\u00edt\u00e9st biztos\u00edtanak sz\u00e1m\u00e1ra, de v\u00e1laszt\u00e1sait t\u00f6bb mint harminc \u00e9ve az \u00f6szt\u00f6ne \u00e9s \u00e9lesl\u00e1t\u00e1sa vez\u00e9rli. A gy\u0171jtem\u00e9nyek \u00e9s t\u00f6rt\u00e9nelmi helyek k\u00edv\u00e1ncsi felfedez\u0151jek\u00e9nt szeret olyan darabokat felfedezni, amelyek \u00e9pp\u00fagy [&hellip;]\" \/>\n<meta property=\"og:url\" content=\"https:\/\/dulyere.com\/hu\/qui-sommes-nous\/\" \/>\n<meta property=\"og:site_name\" content=\"Fr\u00e9d\u00e9ric Duly\u00e8re\" \/>\n<meta property=\"article:modified_time\" content=\"2026-02-27T17:23:27+00:00\" \/>\n<meta property=\"og:image\" content=\"https:\/\/dulyere.com\/wp-content\/uploads\/2025\/12\/Gemini_Generated_Image_9srmho9srmho9srm-1024x570.jpeg\" \/>\n<meta name=\"twitter:card\" content=\"summary_large_image\" \/>\n<meta name=\"twitter:label1\" content=\"Becs\u00fclt olvas\u00e1si id\u0151\" \/>\n\t<meta name=\"twitter:data1\" content=\"1 perc\" \/>\n<script type=\"application\/ld+json\" class=\"yoast-schema-graph\">{\"@context\":\"https:\/\/schema.org\",\"@graph\":[{\"@type\":\"WebPage\",\"@id\":\"https:\/\/dulyere.com\/hu\/qui-sommes-nous\/\",\"url\":\"https:\/\/dulyere.com\/hu\/qui-sommes-nous\/\",\"name\":\"R\u00f3lunk - Fr\u00e9d\u00e9ric Duly\u00e8re\",\"isPartOf\":{\"@id\":\"https:\/\/dulyere.com\/hu\/#website\"},\"primaryImageOfPage\":{\"@id\":\"https:\/\/dulyere.com\/hu\/qui-sommes-nous\/#primaryimage\"},\"image\":{\"@id\":\"https:\/\/dulyere.com\/hu\/qui-sommes-nous\/#primaryimage\"},\"thumbnailUrl\":\"https:\/\/dulyere.com\/wp-content\/uploads\/2025\/12\/Gemini_Generated_Image_9srmho9srmho9srm-1024x570.jpeg\",\"datePublished\":\"2025-09-29T11:16:03+00:00\",\"dateModified\":\"2026-02-27T17:23:27+00:00\",\"breadcrumb\":{\"@id\":\"https:\/\/dulyere.com\/hu\/qui-sommes-nous\/#breadcrumb\"},\"inLanguage\":\"hu\",\"potentialAction\":[{\"@type\":\"ReadAction\",\"target\":[\"https:\/\/dulyere.com\/hu\/qui-sommes-nous\/\"]}]},{\"@type\":\"ImageObject\",\"inLanguage\":\"hu\",\"@id\":\"https:\/\/dulyere.com\/hu\/qui-sommes-nous\/#primaryimage\",\"url\":\"https:\/\/dulyere.com\/wp-content\/uploads\/2025\/12\/Gemini_Generated_Image_9srmho9srmho9srm-1024x570.jpeg\",\"contentUrl\":\"https:\/\/dulyere.com\/wp-content\/uploads\/2025\/12\/Gemini_Generated_Image_9srmho9srmho9srm-1024x570.jpeg\"},{\"@type\":\"BreadcrumbList\",\"@id\":\"https:\/\/dulyere.com\/hu\/qui-sommes-nous\/#breadcrumb\",\"itemListElement\":[{\"@type\":\"ListItem\",\"position\":1,\"name\":\"Accueil\",\"item\":\"https:\/\/dulyere.com\/hu\/\"},{\"@type\":\"ListItem\",\"position\":2,\"name\":\"R\u00f3lunk\"}]},{\"@type\":\"WebSite\",\"@id\":\"https:\/\/dulyere.com\/hu\/#website\",\"url\":\"https:\/\/dulyere.com\/hu\/\",\"name\":\"Fr\u00e9d\u00e9ric Duly\u00e8re\",\"description\":\"\",\"potentialAction\":[{\"@type\":\"SearchAction\",\"target\":{\"@type\":\"EntryPoint\",\"urlTemplate\":\"https:\/\/dulyere.com\/hu\/?s={search_term_string}\"},\"query-input\":{\"@type\":\"PropertyValueSpecification\",\"valueRequired\":true,\"valueName\":\"search_term_string\"}}],\"inLanguage\":\"hu\"}]}<\/script>\n<!-- \/ Yoast SEO plugin. -->","yoast_head_json":{"title":"R\u00f3lunk - Fr\u00e9d\u00e9ric Duly\u00e8re","robots":{"index":"index","follow":"follow","max-snippet":"max-snippet:-1","max-image-preview":"max-image-preview:large","max-video-preview":"max-video-preview:-1"},"canonical":"https:\/\/dulyere.com\/hu\/qui-sommes-nous\/","og_locale":"hu_HU","og_type":"article","og_title":"R\u00f3lunk - Fr\u00e9d\u00e9ric Duly\u00e8re","og_description":"http:\/\/dulyere.com\/wp-content\/uploads\/2025\/10\/VIDEO_QUI_SOMMES_NOUS_DULYERE.mov Fr\u00e9d\u00e9ric Dulyere Fiatal kora \u00f3ta Fr\u00e9d\u00e9ric Duly\u00e8re arra t\u00f6rekszik, hogy meg\u00e9rtse a t\u00e1rgyak sz\u00e9ps\u00e9g\u00e9t \u00e9s az \u00e1ltaluk k\u00f6zvet\u00edtett \u00e9rzelmeket. M\u0171v\u00e9szett\u00f6rt\u00e9neti \u00e9s r\u00e9g\u00e9szeti tanulm\u00e1nyai a Br\u00fcsszeli Szabadegyetemen szigor\u00fa megk\u00f6zel\u00edt\u00e9st biztos\u00edtanak sz\u00e1m\u00e1ra, de v\u00e1laszt\u00e1sait t\u00f6bb mint harminc \u00e9ve az \u00f6szt\u00f6ne \u00e9s \u00e9lesl\u00e1t\u00e1sa vez\u00e9rli. A gy\u0171jtem\u00e9nyek \u00e9s t\u00f6rt\u00e9nelmi helyek k\u00edv\u00e1ncsi felfedez\u0151jek\u00e9nt szeret olyan darabokat felfedezni, amelyek \u00e9pp\u00fagy [&hellip;]","og_url":"https:\/\/dulyere.com\/hu\/qui-sommes-nous\/","og_site_name":"Fr\u00e9d\u00e9ric Duly\u00e8re","article_modified_time":"2026-02-27T17:23:27+00:00","og_image":[{"url":"https:\/\/dulyere.com\/wp-content\/uploads\/2025\/12\/Gemini_Generated_Image_9srmho9srmho9srm-1024x570.jpeg","type":"","width":"","height":""}],"twitter_card":"summary_large_image","twitter_misc":{"Becs\u00fclt olvas\u00e1si id\u0151":"1 perc"},"schema":{"@context":"https:\/\/schema.org","@graph":[{"@type":"WebPage","@id":"https:\/\/dulyere.com\/hu\/qui-sommes-nous\/","url":"https:\/\/dulyere.com\/hu\/qui-sommes-nous\/","name":"R\u00f3lunk - Fr\u00e9d\u00e9ric Duly\u00e8re","isPartOf":{"@id":"https:\/\/dulyere.com\/hu\/#website"},"primaryImageOfPage":{"@id":"https:\/\/dulyere.com\/hu\/qui-sommes-nous\/#primaryimage"},"image":{"@id":"https:\/\/dulyere.com\/hu\/qui-sommes-nous\/#primaryimage"},"thumbnailUrl":"https:\/\/dulyere.com\/wp-content\/uploads\/2025\/12\/Gemini_Generated_Image_9srmho9srmho9srm-1024x570.jpeg","datePublished":"2025-09-29T11:16:03+00:00","dateModified":"2026-02-27T17:23:27+00:00","breadcrumb":{"@id":"https:\/\/dulyere.com\/hu\/qui-sommes-nous\/#breadcrumb"},"inLanguage":"hu","potentialAction":[{"@type":"ReadAction","target":["https:\/\/dulyere.com\/hu\/qui-sommes-nous\/"]}]},{"@type":"ImageObject","inLanguage":"hu","@id":"https:\/\/dulyere.com\/hu\/qui-sommes-nous\/#primaryimage","url":"https:\/\/dulyere.com\/wp-content\/uploads\/2025\/12\/Gemini_Generated_Image_9srmho9srmho9srm-1024x570.jpeg","contentUrl":"https:\/\/dulyere.com\/wp-content\/uploads\/2025\/12\/Gemini_Generated_Image_9srmho9srmho9srm-1024x570.jpeg"},{"@type":"BreadcrumbList","@id":"https:\/\/dulyere.com\/hu\/qui-sommes-nous\/#breadcrumb","itemListElement":[{"@type":"ListItem","position":1,"name":"Accueil","item":"https:\/\/dulyere.com\/hu\/"},{"@type":"ListItem","position":2,"name":"R\u00f3lunk"}]},{"@type":"WebSite","@id":"https:\/\/dulyere.com\/hu\/#website","url":"https:\/\/dulyere.com\/hu\/","name":"Fr\u00e9d\u00e9ric Duly\u00e8re","description":"","potentialAction":[{"@type":"SearchAction","target":{"@type":"EntryPoint","urlTemplate":"https:\/\/dulyere.com\/hu\/?s={search_term_string}"},"query-input":{"@type":"PropertyValueSpecification","valueRequired":true,"valueName":"search_term_string"}}],"inLanguage":"hu"}]}},"_links":{"self":[{"href":"https:\/\/dulyere.com\/hu\/wp-json\/wp\/v2\/pages\/6688","targetHints":{"allow":["GET"]}}],"collection":[{"href":"https:\/\/dulyere.com\/hu\/wp-json\/wp\/v2\/pages"}],"about":[{"href":"https:\/\/dulyere.com\/hu\/wp-json\/wp\/v2\/types\/page"}],"author":[{"embeddable":true,"href":"https:\/\/dulyere.com\/hu\/wp-json\/wp\/v2\/users\/1"}],"replies":[{"embeddable":true,"href":"https:\/\/dulyere.com\/hu\/wp-json\/wp\/v2\/comments?post=6688"}],"version-history":[{"count":3,"href":"https:\/\/dulyere.com\/hu\/wp-json\/wp\/v2\/pages\/6688\/revisions"}],"predecessor-version":[{"id":7147,"href":"https:\/\/dulyere.com\/hu\/wp-json\/wp\/v2\/pages\/6688\/revisions\/7147"}],"wp:attachment":[{"href":"https:\/\/dulyere.com\/hu\/wp-json\/wp\/v2\/media?parent=6688"}],"curies":[{"name":"wp","href":"https:\/\/api.w.org\/{rel}","templated":true}]}}