{"id":7033,"date":"2026-02-11T16:51:35","date_gmt":"2026-02-11T16:51:35","guid":{"rendered":"https:\/\/dulyere.com\/objets-dart-decoration-2\/"},"modified":"2026-02-20T14:58:54","modified_gmt":"2026-02-20T14:58:54","slug":"objets-dart-decoration-2","status":"publish","type":"page","link":"https:\/\/dulyere.com\/en\/objets-dart-decoration-2\/","title":{"rendered":"Art objects &amp; decorations"},"content":{"rendered":"\t\t<div data-elementor-type=\"wp-page\" data-elementor-id=\"7033\" class=\"elementor elementor-7033 elementor-6991\" data-elementor-post-type=\"page\">\n\t\t\t\t<div class=\"elementor-element elementor-element-77e90eb e-con-full e-flex e-con e-parent\" data-id=\"77e90eb\" data-element_type=\"container\" data-e-type=\"container\" data-settings=\"{&quot;background_background&quot;:&quot;classic&quot;}\">\n\t\t\t\t<div class=\"elementor-element elementor-element-171fdb7 animated-slow elementor-widget-mobile__width-inherit elementor-invisible elementor-widget elementor-widget-heading\" data-id=\"171fdb7\" data-element_type=\"widget\" data-e-type=\"widget\" data-settings=\"{&quot;_animation&quot;:&quot;fadeIn&quot;}\" data-widget_type=\"heading.default\">\n\t\t\t\t\t<h1 class=\"elementor-heading-title elementor-size-default\">Art Objects &amp; decoration<\/h1>\t\t\t\t<\/div>\n\t\t\t\t<div class=\"elementor-element elementor-element-06fc34f animated-slow elementor-invisible elementor-widget elementor-widget-text-editor\" data-id=\"06fc34f\" data-element_type=\"widget\" data-e-type=\"widget\" data-settings=\"{&quot;_animation&quot;:&quot;fadeIn&quot;}\" data-widget_type=\"text-editor.default\">\n\t\t\t\t\t\t\t\t\t<p>Discover our art objects <\/p>\t\t\t\t\t\t\t\t<\/div>\n\t\t\t\t<\/div>\n\t\t<div class=\"elementor-element elementor-element-97e70ee e-con-full e-flex e-con e-parent\" data-id=\"97e70ee\" data-element_type=\"container\" data-e-type=\"container\" data-settings=\"{&quot;background_background&quot;:&quot;classic&quot;,&quot;animation_mobile&quot;:&quot;fadeIn&quot;}\">\n\t\t<div class=\"elementor-element elementor-element-c6a7b56 e-con-full e-flex e-con e-child\" data-id=\"c6a7b56\" data-element_type=\"container\" data-e-type=\"container\">\n\t\t\t\t<div class=\"elementor-element elementor-element-a969650 elementor-widget elementor-widget-heading\" data-id=\"a969650\" data-element_type=\"widget\" data-e-type=\"widget\" data-widget_type=\"heading.default\">\n\t\t\t\t\t<h2 class=\"elementor-heading-title elementor-size-default\">Our collection of art objects &amp; decorations<\/h2>\t\t\t\t<\/div>\n\t\t\t\t<div class=\"elementor-element elementor-element-981a6f7 elementor-widget elementor-widget-text-editor\" data-id=\"981a6f7\" data-element_type=\"widget\" data-e-type=\"widget\" data-widget_type=\"text-editor.default\">\n\t\t\t\t\t\t\t\t\t<p>The buying and selling of antiques is part of a millennia-old history. The term itself takes us back to Roman antiquity, a time when great collectors liked to adorn their homes with ancient objects, bearers of beauty, memory, and prestige. <\/p><p>However, the quest for rarity and exceptional pieces does not escape trends: what appeals today may have been ignored yesterday and may perhaps be set aside tomorrow.<\/p><p>Beyond trends, what matters most is pleasure. Living surrounded by objects you love\u2014objects that have stood the test of time, that bear the traces of past lives, and that were made to last. Antiques and works of art are not mere witnesses of the past: they fully belong in the present, at the heart of interiors and in the eyes that bring them back to life.  <\/p>\t\t\t\t\t\t\t\t<\/div>\n\t\t\t\t<div class=\"elementor-element elementor-element-58ae772 elementor-align-center elementor-widget elementor-widget-button\" data-id=\"58ae772\" data-element_type=\"widget\" data-e-type=\"widget\" data-settings=\"{&quot;motion_fx_motion_fx_scrolling&quot;:&quot;yes&quot;,&quot;motion_fx_devices&quot;:[&quot;desktop&quot;,&quot;tablet&quot;,&quot;mobile&quot;]}\" data-widget_type=\"button.default\">\n\t\t\t\t\t\t\t\t\t\t<a class=\"elementor-button elementor-button-link elementor-size-sm\" href=\"https:\/\/www.proantic.com\/galerie\/frederic-dulyere\/?idCtg=4&#038;select=1\">\n\t\t\t\t\t\t<span class=\"elementor-button-content-wrapper\">\n\t\t\t\t\t\t\t\t\t<span class=\"elementor-button-text\">View our antique shop<\/span>\n\t\t\t\t\t<\/span>\n\t\t\t\t\t<\/a>\n\t\t\t\t\t\t\t\t<\/div>\n\t\t\t\t<\/div>\n\t\t\t\t<\/div>\n\t\t<div class=\"elementor-element elementor-element-e7e9054 e-con-full e-flex e-con e-parent\" data-id=\"e7e9054\" data-element_type=\"container\" data-e-type=\"container\" data-settings=\"{&quot;background_background&quot;:&quot;classic&quot;,&quot;animation_mobile&quot;:&quot;fadeIn&quot;}\">\n\t\t<div class=\"elementor-element elementor-element-ce00d58 e-con-full e-flex elementor-invisible e-con e-child\" data-id=\"ce00d58\" data-element_type=\"container\" data-e-type=\"container\" data-settings=\"{&quot;animation&quot;:&quot;fadeIn&quot;,&quot;background_background&quot;:&quot;slideshow&quot;,&quot;background_slideshow_gallery&quot;:[{&quot;id&quot;:7037,&quot;url&quot;:&quot;http:\\\/\\\/dulyere.com\\\/wp-content\\\/uploads\\\/2025\\\/11\\\/IMG_4421-scaled.jpeg&quot;},{&quot;id&quot;:7038,&quot;url&quot;:&quot;http:\\\/\\\/dulyere.com\\\/wp-content\\\/uploads\\\/2025\\\/11\\\/IMG_4438-1-scaled.jpeg&quot;},{&quot;id&quot;:7039,&quot;url&quot;:&quot;http:\\\/\\\/dulyere.com\\\/wp-content\\\/uploads\\\/2025\\\/11\\\/IMG_4431-scaled.jpeg&quot;},{&quot;id&quot;:7035,&quot;url&quot;:&quot;http:\\\/\\\/dulyere.com\\\/wp-content\\\/uploads\\\/2025\\\/10\\\/IMG_4423-scaled.jpeg&quot;}],&quot;background_slideshow_loop&quot;:&quot;yes&quot;,&quot;background_slideshow_slide_duration&quot;:5000,&quot;background_slideshow_slide_transition&quot;:&quot;fade&quot;,&quot;background_slideshow_transition_duration&quot;:500}\">\n\t\t\t\t<\/div>\n\t\t\t\t<\/div>\n\t\t<div class=\"elementor-element elementor-element-50964d4 e-flex e-con-boxed e-con e-parent\" data-id=\"50964d4\" data-element_type=\"container\" data-e-type=\"container\" data-settings=\"{&quot;background_background&quot;:&quot;classic&quot;}\">\n\t\t\t\t\t<div class=\"e-con-inner\">\n\t\t\t\t<div class=\"elementor-element elementor-element-ed7828d elementor-widget elementor-widget-heading\" data-id=\"ed7828d\" data-element_type=\"widget\" data-e-type=\"widget\" data-widget_type=\"heading.default\">\n\t\t\t\t\t<h2 class=\"elementor-heading-title elementor-size-default\">Discover our specialties<\/h2>\t\t\t\t<\/div>\n\t\t<div class=\"elementor-element elementor-element-525d283 e-con-full e-flex e-con e-child\" data-id=\"525d283\" data-element_type=\"container\" data-e-type=\"container\">\n\t\t<a class=\"elementor-element elementor-element-0e99474 e-con-full e-flex e-con e-child\" data-id=\"0e99474\" data-element_type=\"container\" data-e-type=\"container\" data-settings=\"{&quot;background_background&quot;:&quot;slideshow&quot;,&quot;background_slideshow_gallery&quot;:[{&quot;id&quot;:6717,&quot;url&quot;:&quot;http:\\\/\\\/dulyere.com\\\/wp-content\\\/uploads\\\/2025\\\/10\\\/IMG_4426-scaled.jpeg&quot;}],&quot;background_slideshow_loop&quot;:&quot;yes&quot;,&quot;background_slideshow_slide_duration&quot;:5000,&quot;background_slideshow_slide_transition&quot;:&quot;fade&quot;,&quot;background_slideshow_transition_duration&quot;:500}\" href=\"https:\/\/dulyere.com\/en\/lustres\/\">\n\t\t\t\t<div class=\"elementor-element elementor-element-a04c15d elementor-widget elementor-widget-heading\" data-id=\"a04c15d\" data-element_type=\"widget\" data-e-type=\"widget\" data-widget_type=\"heading.default\">\n\t\t\t\t\t<h2 class=\"elementor-heading-title elementor-size-default\">Chandeliers <\/h2>\t\t\t\t<\/div>\n\t\t\t\t<\/a>\n\t\t<a class=\"elementor-element elementor-element-af14f38 e-con-full e-flex e-con e-child\" data-id=\"af14f38\" data-element_type=\"container\" data-e-type=\"container\" data-settings=\"{&quot;background_background&quot;:&quot;slideshow&quot;,&quot;background_slideshow_gallery&quot;:[{&quot;id&quot;:7040,&quot;url&quot;:&quot;http:\\\/\\\/dulyere.com\\\/wp-content\\\/uploads\\\/2025\\\/11\\\/IMG_4427-scaled.jpeg&quot;}],&quot;background_slideshow_loop&quot;:&quot;yes&quot;,&quot;background_slideshow_slide_duration&quot;:5000,&quot;background_slideshow_slide_transition&quot;:&quot;fade&quot;,&quot;background_slideshow_transition_duration&quot;:500}\" href=\"https:\/\/dulyere.com\/en\/mirrors\/\">\n\t\t\t\t<div class=\"elementor-element elementor-element-70834e9 elementor-widget elementor-widget-heading\" data-id=\"70834e9\" data-element_type=\"widget\" data-e-type=\"widget\" data-widget_type=\"heading.default\">\n\t\t\t\t\t<h2 class=\"elementor-heading-title elementor-size-default\">mirrors<\/h2>\t\t\t\t<\/div>\n\t\t\t\t<\/a>\n\t\t<a class=\"elementor-element elementor-element-91074a8 e-con-full e-flex e-con e-child\" data-id=\"91074a8\" data-element_type=\"container\" data-e-type=\"container\" data-settings=\"{&quot;background_background&quot;:&quot;slideshow&quot;,&quot;background_slideshow_gallery&quot;:[{&quot;id&quot;:6721,&quot;url&quot;:&quot;http:\\\/\\\/dulyere.com\\\/wp-content\\\/uploads\\\/2025\\\/10\\\/IMG_4429-scaled.jpeg&quot;}],&quot;background_slideshow_loop&quot;:&quot;yes&quot;,&quot;background_slideshow_slide_duration&quot;:5000,&quot;background_slideshow_slide_transition&quot;:&quot;fade&quot;,&quot;background_slideshow_transition_duration&quot;:500}\" href=\"https:\/\/dulyere.com\/en\/cheminees\/\">\n\t\t\t\t<div class=\"elementor-element elementor-element-6ae0a4d elementor-widget elementor-widget-heading\" data-id=\"6ae0a4d\" data-element_type=\"widget\" data-e-type=\"widget\" data-widget_type=\"heading.default\">\n\t\t\t\t\t<h2 class=\"elementor-heading-title elementor-size-default\">Fireplaces <\/h2>\t\t\t\t<\/div>\n\t\t\t\t<\/a>\n\t\t\t\t<\/div>\n\t\t\t\t\t<\/div>\n\t\t\t\t<\/div>\n\t\t\t\t<\/div>\n\t\t","protected":false},"excerpt":{"rendered":"<p>Art Objects &amp; decoration Discover our art objects Our collection of art objects &amp; decorations The buying and selling of antiques is part of a millennia-old history. The term itself takes us back to Roman antiquity, a time when great collectors liked to adorn their homes with ancient objects, bearers of beauty, memory, and prestige. [&hellip;]<\/p>\n","protected":false},"author":1,"featured_media":0,"parent":0,"menu_order":0,"comment_status":"closed","ping_status":"closed","template":"elementor_header_footer","meta":{"footnotes":""},"class_list":["post-7033","page","type-page","status-publish","hentry"],"yoast_head":"<!-- This site is optimized with the Yoast SEO plugin v27.4 - https:\/\/yoast.com\/product\/yoast-seo-wordpress\/ -->\n<title>Works of Art &amp; Decoration | Collector&#039;s Items | Duly\u00e8re<\/title>\n<meta name=\"description\" content=\"Explore a selection of timeless works of art and decoration. Rare pieces, imbued with history and prestige, designed to transcend time.\" \/>\n<meta name=\"robots\" content=\"index, follow, max-snippet:-1, max-image-preview:large, max-video-preview:-1\" \/>\n<link rel=\"canonical\" href=\"https:\/\/dulyere.com\/en\/objets-dart-decoration-2\/\" \/>\n<meta property=\"og:locale\" content=\"en_US\" \/>\n<meta property=\"og:type\" content=\"article\" \/>\n<meta property=\"og:title\" content=\"Works of Art &amp; Decoration | Collector&#039;s Items | Duly\u00e8re\" \/>\n<meta property=\"og:description\" content=\"Explore a selection of timeless works of art and decoration. Rare pieces, imbued with history and prestige, designed to transcend time.\" \/>\n<meta property=\"og:url\" content=\"https:\/\/dulyere.com\/en\/objets-dart-decoration-2\/\" \/>\n<meta property=\"og:site_name\" content=\"Fr\u00e9d\u00e9ric Duly\u00e8re\" \/>\n<meta property=\"article:modified_time\" content=\"2026-02-20T14:58:54+00:00\" \/>\n<meta name=\"twitter:card\" content=\"summary_large_image\" \/>\n<meta name=\"twitter:label1\" content=\"Est. reading time\" \/>\n\t<meta name=\"twitter:data1\" content=\"1 minute\" \/>\n<script type=\"application\/ld+json\" class=\"yoast-schema-graph\">{\"@context\":\"https:\\\/\\\/schema.org\",\"@graph\":[{\"@type\":\"WebPage\",\"@id\":\"https:\\\/\\\/dulyere.com\\\/en\\\/objets-dart-decoration-2\\\/\",\"url\":\"https:\\\/\\\/dulyere.com\\\/en\\\/objets-dart-decoration-2\\\/\",\"name\":\"Works of Art & Decoration | Collector's Items | Duly\u00e8re\",\"isPartOf\":{\"@id\":\"https:\\\/\\\/dulyere.com\\\/en\\\/#website\"},\"datePublished\":\"2026-02-11T16:51:35+00:00\",\"dateModified\":\"2026-02-20T14:58:54+00:00\",\"description\":\"Explore a selection of timeless works of art and decoration. Rare pieces, imbued with history and prestige, designed to transcend time.\",\"breadcrumb\":{\"@id\":\"https:\\\/\\\/dulyere.com\\\/en\\\/objets-dart-decoration-2\\\/#breadcrumb\"},\"inLanguage\":\"en-US\",\"potentialAction\":[{\"@type\":\"ReadAction\",\"target\":[\"https:\\\/\\\/dulyere.com\\\/en\\\/objets-dart-decoration-2\\\/\"]}]},{\"@type\":\"BreadcrumbList\",\"@id\":\"https:\\\/\\\/dulyere.com\\\/en\\\/objets-dart-decoration-2\\\/#breadcrumb\",\"itemListElement\":[{\"@type\":\"ListItem\",\"position\":1,\"name\":\"Accueil\",\"item\":\"https:\\\/\\\/dulyere.com\\\/en\\\/\"},{\"@type\":\"ListItem\",\"position\":2,\"name\":\"Art objects &amp; decorations\"}]},{\"@type\":\"WebSite\",\"@id\":\"https:\\\/\\\/dulyere.com\\\/en\\\/#website\",\"url\":\"https:\\\/\\\/dulyere.com\\\/en\\\/\",\"name\":\"Fr\u00e9d\u00e9ric Duly\u00e8re\",\"description\":\"\",\"potentialAction\":[{\"@type\":\"SearchAction\",\"target\":{\"@type\":\"EntryPoint\",\"urlTemplate\":\"https:\\\/\\\/dulyere.com\\\/en\\\/?s={search_term_string}\"},\"query-input\":{\"@type\":\"PropertyValueSpecification\",\"valueRequired\":true,\"valueName\":\"search_term_string\"}}],\"inLanguage\":\"en-US\"}]}<\/script>\n<!-- \/ Yoast SEO plugin. -->","yoast_head_json":{"title":"Works of Art & Decoration | Collector's Items | Duly\u00e8re","description":"Explore a selection of timeless works of art and decoration. Rare pieces, imbued with history and prestige, designed to transcend time.","robots":{"index":"index","follow":"follow","max-snippet":"max-snippet:-1","max-image-preview":"max-image-preview:large","max-video-preview":"max-video-preview:-1"},"canonical":"https:\/\/dulyere.com\/en\/objets-dart-decoration-2\/","og_locale":"en_US","og_type":"article","og_title":"Works of Art & Decoration | Collector's Items | Duly\u00e8re","og_description":"Explore a selection of timeless works of art and decoration. Rare pieces, imbued with history and prestige, designed to transcend time.","og_url":"https:\/\/dulyere.com\/en\/objets-dart-decoration-2\/","og_site_name":"Fr\u00e9d\u00e9ric Duly\u00e8re","article_modified_time":"2026-02-20T14:58:54+00:00","twitter_card":"summary_large_image","twitter_misc":{"Est. reading time":"1 minute"},"schema":{"@context":"https:\/\/schema.org","@graph":[{"@type":"WebPage","@id":"https:\/\/dulyere.com\/en\/objets-dart-decoration-2\/","url":"https:\/\/dulyere.com\/en\/objets-dart-decoration-2\/","name":"Works of Art & Decoration | Collector's Items | Duly\u00e8re","isPartOf":{"@id":"https:\/\/dulyere.com\/en\/#website"},"datePublished":"2026-02-11T16:51:35+00:00","dateModified":"2026-02-20T14:58:54+00:00","description":"Explore a selection of timeless works of art and decoration. Rare pieces, imbued with history and prestige, designed to transcend time.","breadcrumb":{"@id":"https:\/\/dulyere.com\/en\/objets-dart-decoration-2\/#breadcrumb"},"inLanguage":"en-US","potentialAction":[{"@type":"ReadAction","target":["https:\/\/dulyere.com\/en\/objets-dart-decoration-2\/"]}]},{"@type":"BreadcrumbList","@id":"https:\/\/dulyere.com\/en\/objets-dart-decoration-2\/#breadcrumb","itemListElement":[{"@type":"ListItem","position":1,"name":"Accueil","item":"https:\/\/dulyere.com\/en\/"},{"@type":"ListItem","position":2,"name":"Art objects &amp; decorations"}]},{"@type":"WebSite","@id":"https:\/\/dulyere.com\/en\/#website","url":"https:\/\/dulyere.com\/en\/","name":"Fr\u00e9d\u00e9ric Duly\u00e8re","description":"","potentialAction":[{"@type":"SearchAction","target":{"@type":"EntryPoint","urlTemplate":"https:\/\/dulyere.com\/en\/?s={search_term_string}"},"query-input":{"@type":"PropertyValueSpecification","valueRequired":true,"valueName":"search_term_string"}}],"inLanguage":"en-US"}]}},"_links":{"self":[{"href":"https:\/\/dulyere.com\/en\/wp-json\/wp\/v2\/pages\/7033","targetHints":{"allow":["GET"]}}],"collection":[{"href":"https:\/\/dulyere.com\/en\/wp-json\/wp\/v2\/pages"}],"about":[{"href":"https:\/\/dulyere.com\/en\/wp-json\/wp\/v2\/types\/page"}],"author":[{"embeddable":true,"href":"https:\/\/dulyere.com\/en\/wp-json\/wp\/v2\/users\/1"}],"replies":[{"embeddable":true,"href":"https:\/\/dulyere.com\/en\/wp-json\/wp\/v2\/comments?post=7033"}],"version-history":[{"count":1,"href":"https:\/\/dulyere.com\/en\/wp-json\/wp\/v2\/pages\/7033\/revisions"}],"predecessor-version":[{"id":7041,"href":"https:\/\/dulyere.com\/en\/wp-json\/wp\/v2\/pages\/7033\/revisions\/7041"}],"wp:attachment":[{"href":"https:\/\/dulyere.com\/en\/wp-json\/wp\/v2\/media?parent=7033"}],"curies":[{"name":"wp","href":"https:\/\/api.w.org\/{rel}","templated":true}]}}