{"id":6923,"date":"2026-02-08T12:34:02","date_gmt":"2026-02-08T12:34:02","guid":{"rendered":"https:\/\/dulyere.com\/mentions-legales\/"},"modified":"2026-02-27T17:26:13","modified_gmt":"2026-02-27T17:26:13","slug":"mentions-legales","status":"publish","type":"page","link":"https:\/\/dulyere.com\/en\/mentions-legales\/","title":{"rendered":"Legal Notice"},"content":{"rendered":"\t\t<div data-elementor-type=\"wp-page\" data-elementor-id=\"6923\" class=\"elementor elementor-6923 elementor-6876\" data-elementor-post-type=\"page\">\n\t\t\t\t<div class=\"elementor-element elementor-element-bab6ae5 e-flex e-con-boxed e-con e-parent\" data-id=\"bab6ae5\" data-element_type=\"container\" data-e-type=\"container\">\n\t\t\t\t\t<div class=\"e-con-inner\">\n\t\t\t\t<div class=\"elementor-element elementor-element-f68c443 elementor-widget elementor-widget-heading\" data-id=\"f68c443\" data-element_type=\"widget\" data-e-type=\"widget\" data-widget_type=\"heading.default\">\n\t\t\t\t\t<h2 class=\"elementor-heading-title elementor-size-default\">Legal Notice <\/h2>\t\t\t\t<\/div>\n\t\t\t\t\t<\/div>\n\t\t\t\t<\/div>\n\t\t<div class=\"elementor-element elementor-element-569d571 e-flex e-con-boxed e-con e-parent\" data-id=\"569d571\" data-element_type=\"container\" data-e-type=\"container\">\n\t\t\t\t\t<div class=\"e-con-inner\">\n\t\t\t\t<div class=\"elementor-element elementor-element-d5b6af9 elementor-widget elementor-widget-text-editor\" data-id=\"d5b6af9\" data-element_type=\"widget\" data-e-type=\"widget\" data-widget_type=\"text-editor.default\">\n\t\t\t\t\t\t\t\t\t<h3 data-path-to-node=\"4\">1. Website Publisher <\/h3><ul data-path-to-node=\"6\"><li><p data-path-to-node=\"6,0,0\"><b data-path-to-node=\"6,0,0\" data-index-in-node=\"0\">Company Name<\/b>: Fr\u00e9d\u00e9ric Dulyere<\/p><\/li><li><p data-path-to-node=\"6,1,0\"><b data-path-to-node=\"6,1,0\" data-index-in-node=\"0\">Legal Form:<\/b> <\/p><\/li><li><p data-path-to-node=\"6,2,0\"><b data-path-to-node=\"6,2,0\" data-index-in-node=\"0\">Registered Office Address:<\/b> 2 Rue d&#8217;en Haut, Roisin 7387, Belgium<\/p><\/li><li><p data-path-to-node=\"6,2,0\"><b data-path-to-node=\"6,3,0\" data-index-in-node=\"0\">Company Number (BCE) \/ VAT:<\/b> BE0 791 415 872<\/p><\/li><li><p data-path-to-node=\"6,4,0\"><b data-path-to-node=\"6,4,0\" data-index-in-node=\"0\">Contact Email: <\/b>Dulyere@me.com<\/p><\/li><li><p data-path-to-node=\"6,4,0\"><b data-path-to-node=\"6,5,0\" data-index-in-node=\"0\">Phone Number:<\/b> +32 475 244 071<\/p><\/li><li><p data-path-to-node=\"6,6,0\"><b data-path-to-node=\"6,6,0\" data-index-in-node=\"0\">Head of Publication:<\/b> Fr\u00e9d\u00e9ric Dulyere<\/p><\/li><\/ul><h3 data-path-to-node=\"7\">2. Hosting Provider (Hostinger)<\/h3><blockquote data-path-to-node=\"9\"><p data-path-to-node=\"9,0\"><b data-path-to-node=\"9,0\" data-index-in-node=\"0\">Hosting:<\/b> The site is hosted by <b data-path-to-node=\"9,0\" data-index-in-node=\"38\">Hostinger International Ltd.<\/b> <b data-path-to-node=\"9,0\" data-index-in-node=\"67\">Address:<\/b> 61 Lordou Vironos Street, 6023 Larnaca, Cyprus. <b data-path-to-node=\"9,0\" data-index-in-node=\"125\">Contact:<\/b> <a class=\"ng-star-inserted\" href=\"https:\/\/www.hostinger.fr\/contact\" target=\"_blank\" rel=\"noopener\" data-hveid=\"0\" data-ved=\"0CAAQ_4QMahgKEwjXyZ-8h8iSAxUAAAAAHQAAAAAQqgI\">https:\/\/www.hostinger.fr\/contact<\/a><\/p><\/blockquote><h3 data-path-to-node=\"10\">3. Intellectual Property<\/h3><blockquote data-path-to-node=\"12\"><p data-path-to-node=\"12,0\">&#8220;This entire site is subject to Belgian and international legislation on copyright and intellectual property. All reproduction rights are reserved, including for downloadable documents and iconographic and photographic representations (photos, logos, texts). The reproduction of all or part of this site on any electronic medium whatsoever is strictly prohibited unless expressly authorized by the head of publication.&#8221;<br><br>This site uses only technical cookies strictly necessary for its proper functioning (notably for language management via WPML and security). These cookies do not require consent and do not collect any personal data for advertising or analytical purposes. <\/p><\/blockquote>\t\t\t\t\t\t\t\t<\/div>\n\t\t\t\t\t<\/div>\n\t\t\t\t<\/div>\n\t\t\t\t<\/div>\n\t\t","protected":false},"excerpt":{"rendered":"<p>Legal Notice 1. Website Publisher Company Name: Fr\u00e9d\u00e9ric Dulyere Legal Form: Registered Office Address: 2 Rue d&#8217;en Haut, Roisin 7387, Belgium Company Number (BCE) \/ VAT: BE0 791 415 872 Contact Email: Dulyere@me.com Phone Number: +32 475 244 071 Head of Publication: Fr\u00e9d\u00e9ric Dulyere 2. Hosting Provider (Hostinger) Hosting: The site is hosted by Hostinger [&hellip;]<\/p>\n","protected":false},"author":1,"featured_media":0,"parent":0,"menu_order":0,"comment_status":"closed","ping_status":"closed","template":"elementor_header_footer","meta":{"footnotes":""},"class_list":["post-6923","page","type-page","status-publish","hentry"],"yoast_head":"<!-- This site is optimized with the Yoast SEO plugin v26.9 - https:\/\/yoast.com\/product\/yoast-seo-wordpress\/ -->\n<title>Legal Notice - Fr\u00e9d\u00e9ric Duly\u00e8re<\/title>\n<meta name=\"robots\" content=\"noindex, follow\" \/>\n<meta property=\"og:locale\" content=\"en_US\" \/>\n<meta property=\"og:type\" content=\"article\" \/>\n<meta property=\"og:title\" content=\"Legal Notice - Fr\u00e9d\u00e9ric Duly\u00e8re\" \/>\n<meta property=\"og:description\" content=\"Legal Notice 1. Website Publisher Company Name: Fr\u00e9d\u00e9ric Dulyere Legal Form: Registered Office Address: 2 Rue d&#8217;en Haut, Roisin 7387, Belgium Company Number (BCE) \/ VAT: BE0 791 415 872 Contact Email: Dulyere@me.com Phone Number: +32 475 244 071 Head of Publication: Fr\u00e9d\u00e9ric Dulyere 2. Hosting Provider (Hostinger) Hosting: The site is hosted by Hostinger [&hellip;]\" \/>\n<meta property=\"og:url\" content=\"https:\/\/dulyere.com\/en\/mentions-legales\/\" \/>\n<meta property=\"og:site_name\" content=\"Fr\u00e9d\u00e9ric Duly\u00e8re\" \/>\n<meta property=\"article:modified_time\" content=\"2026-02-27T17:26:13+00:00\" \/>\n<meta name=\"twitter:card\" content=\"summary_large_image\" \/>\n<meta name=\"twitter:label1\" content=\"Est. reading time\" \/>\n\t<meta name=\"twitter:data1\" content=\"1 minute\" \/>\n<script type=\"application\/ld+json\" class=\"yoast-schema-graph\">{\"@context\":\"https:\/\/schema.org\",\"@graph\":[{\"@type\":\"WebPage\",\"@id\":\"https:\/\/dulyere.com\/en\/mentions-legales\/\",\"url\":\"https:\/\/dulyere.com\/en\/mentions-legales\/\",\"name\":\"Legal Notice - Fr\u00e9d\u00e9ric Duly\u00e8re\",\"isPartOf\":{\"@id\":\"https:\/\/dulyere.com\/en\/#website\"},\"datePublished\":\"2026-02-08T12:34:02+00:00\",\"dateModified\":\"2026-02-27T17:26:13+00:00\",\"breadcrumb\":{\"@id\":\"https:\/\/dulyere.com\/en\/mentions-legales\/#breadcrumb\"},\"inLanguage\":\"en-US\",\"potentialAction\":[{\"@type\":\"ReadAction\",\"target\":[\"https:\/\/dulyere.com\/en\/mentions-legales\/\"]}]},{\"@type\":\"BreadcrumbList\",\"@id\":\"https:\/\/dulyere.com\/en\/mentions-legales\/#breadcrumb\",\"itemListElement\":[{\"@type\":\"ListItem\",\"position\":1,\"name\":\"Accueil\",\"item\":\"https:\/\/dulyere.com\/en\/\"},{\"@type\":\"ListItem\",\"position\":2,\"name\":\"Legal Notice\"}]},{\"@type\":\"WebSite\",\"@id\":\"https:\/\/dulyere.com\/en\/#website\",\"url\":\"https:\/\/dulyere.com\/en\/\",\"name\":\"Fr\u00e9d\u00e9ric Duly\u00e8re\",\"description\":\"\",\"potentialAction\":[{\"@type\":\"SearchAction\",\"target\":{\"@type\":\"EntryPoint\",\"urlTemplate\":\"https:\/\/dulyere.com\/en\/?s={search_term_string}\"},\"query-input\":{\"@type\":\"PropertyValueSpecification\",\"valueRequired\":true,\"valueName\":\"search_term_string\"}}],\"inLanguage\":\"en-US\"}]}<\/script>\n<!-- \/ Yoast SEO plugin. -->","yoast_head_json":{"title":"Legal Notice - Fr\u00e9d\u00e9ric Duly\u00e8re","robots":{"index":"noindex","follow":"follow"},"og_locale":"en_US","og_type":"article","og_title":"Legal Notice - Fr\u00e9d\u00e9ric Duly\u00e8re","og_description":"Legal Notice 1. Website Publisher Company Name: Fr\u00e9d\u00e9ric Dulyere Legal Form: Registered Office Address: 2 Rue d&#8217;en Haut, Roisin 7387, Belgium Company Number (BCE) \/ VAT: BE0 791 415 872 Contact Email: Dulyere@me.com Phone Number: +32 475 244 071 Head of Publication: Fr\u00e9d\u00e9ric Dulyere 2. Hosting Provider (Hostinger) Hosting: The site is hosted by Hostinger [&hellip;]","og_url":"https:\/\/dulyere.com\/en\/mentions-legales\/","og_site_name":"Fr\u00e9d\u00e9ric Duly\u00e8re","article_modified_time":"2026-02-27T17:26:13+00:00","twitter_card":"summary_large_image","twitter_misc":{"Est. reading time":"1 minute"},"schema":{"@context":"https:\/\/schema.org","@graph":[{"@type":"WebPage","@id":"https:\/\/dulyere.com\/en\/mentions-legales\/","url":"https:\/\/dulyere.com\/en\/mentions-legales\/","name":"Legal Notice - Fr\u00e9d\u00e9ric Duly\u00e8re","isPartOf":{"@id":"https:\/\/dulyere.com\/en\/#website"},"datePublished":"2026-02-08T12:34:02+00:00","dateModified":"2026-02-27T17:26:13+00:00","breadcrumb":{"@id":"https:\/\/dulyere.com\/en\/mentions-legales\/#breadcrumb"},"inLanguage":"en-US","potentialAction":[{"@type":"ReadAction","target":["https:\/\/dulyere.com\/en\/mentions-legales\/"]}]},{"@type":"BreadcrumbList","@id":"https:\/\/dulyere.com\/en\/mentions-legales\/#breadcrumb","itemListElement":[{"@type":"ListItem","position":1,"name":"Accueil","item":"https:\/\/dulyere.com\/en\/"},{"@type":"ListItem","position":2,"name":"Legal Notice"}]},{"@type":"WebSite","@id":"https:\/\/dulyere.com\/en\/#website","url":"https:\/\/dulyere.com\/en\/","name":"Fr\u00e9d\u00e9ric Duly\u00e8re","description":"","potentialAction":[{"@type":"SearchAction","target":{"@type":"EntryPoint","urlTemplate":"https:\/\/dulyere.com\/en\/?s={search_term_string}"},"query-input":{"@type":"PropertyValueSpecification","valueRequired":true,"valueName":"search_term_string"}}],"inLanguage":"en-US"}]}},"_links":{"self":[{"href":"https:\/\/dulyere.com\/en\/wp-json\/wp\/v2\/pages\/6923","targetHints":{"allow":["GET"]}}],"collection":[{"href":"https:\/\/dulyere.com\/en\/wp-json\/wp\/v2\/pages"}],"about":[{"href":"https:\/\/dulyere.com\/en\/wp-json\/wp\/v2\/types\/page"}],"author":[{"embeddable":true,"href":"https:\/\/dulyere.com\/en\/wp-json\/wp\/v2\/users\/1"}],"replies":[{"embeddable":true,"href":"https:\/\/dulyere.com\/en\/wp-json\/wp\/v2\/comments?post=6923"}],"version-history":[{"count":4,"href":"https:\/\/dulyere.com\/en\/wp-json\/wp\/v2\/pages\/6923\/revisions"}],"predecessor-version":[{"id":7137,"href":"https:\/\/dulyere.com\/en\/wp-json\/wp\/v2\/pages\/6923\/revisions\/7137"}],"wp:attachment":[{"href":"https:\/\/dulyere.com\/en\/wp-json\/wp\/v2\/media?parent=6923"}],"curies":[{"name":"wp","href":"https:\/\/api.w.org\/{rel}","templated":true}]}}