{"id":6691,"date":"2025-09-29T11:16:03","date_gmt":"2025-09-29T11:16:03","guid":{"rendered":"https:\/\/dulyere.com\/qui-sommes-nous\/"},"modified":"2026-02-05T19:45:24","modified_gmt":"2026-02-05T19:45:24","slug":"qui-sommes-nous","status":"publish","type":"page","link":"https:\/\/dulyere.com\/en\/qui-sommes-nous\/","title":{"rendered":"About Us"},"content":{"rendered":"\t\t<div data-elementor-type=\"wp-page\" data-elementor-id=\"6691\" class=\"elementor elementor-6691 elementor-121\" data-elementor-post-type=\"page\">\n\t\t\t\t<div class=\"elementor-element elementor-element-4fce181 e-flex e-con-boxed e-con e-parent\" data-id=\"4fce181\" data-element_type=\"container\" data-e-type=\"container\" data-settings=\"{&quot;background_background&quot;:&quot;gradient&quot;}\">\n\t\t\t\t\t<div class=\"e-con-inner\">\n\t\t\t\t<div class=\"elementor-element elementor-element-8073d1c elementor-widget elementor-widget-video\" data-id=\"8073d1c\" data-element_type=\"widget\" data-e-type=\"widget\" data-settings=\"{&quot;video_type&quot;:&quot;hosted&quot;,&quot;loop&quot;:&quot;yes&quot;,&quot;autoplay&quot;:&quot;yes&quot;,&quot;play_on_mobile&quot;:&quot;yes&quot;,&quot;controls&quot;:&quot;yes&quot;}\" data-widget_type=\"video.default\">\n\t\t\t\t\t\t\t<div class=\"e-hosted-video elementor-wrapper elementor-open-inline\">\n\t\t\t\t\t<video class=\"elementor-video\" src=\"http:\/\/dulyere.com\/wp-content\/uploads\/2025\/10\/VIDEO_QUI_SOMMES_NOUS_DULYERE.mov\" autoplay=\"\" loop=\"\" controls=\"\" playsinline=\"\" controlsList=\"nodownload\"><\/video>\n\t\t\t\t<\/div>\n\t\t\t\t\t\t<\/div>\n\t\t\t\t\t<\/div>\n\t\t\t\t<\/div>\n\t\t<div class=\"elementor-element elementor-element-7c089e0 e-flex e-con-boxed e-con e-parent\" data-id=\"7c089e0\" data-element_type=\"container\" data-e-type=\"container\" data-settings=\"{&quot;background_background&quot;:&quot;classic&quot;}\">\n\t\t\t\t\t<div class=\"e-con-inner\">\n\t\t<div class=\"elementor-element elementor-element-8dee7e3 e-con-full e-flex e-con e-child\" data-id=\"8dee7e3\" data-element_type=\"container\" data-e-type=\"container\">\n\t\t\t\t<div class=\"elementor-element elementor-element-f296c05 elementor-widget elementor-widget-heading\" data-id=\"f296c05\" data-element_type=\"widget\" data-e-type=\"widget\" data-widget_type=\"heading.default\">\n\t\t\t\t\t<h2 class=\"elementor-heading-title elementor-size-default\">Fr\u00e9d\u00e9ric Dulyere<\/h2>\t\t\t\t<\/div>\n\t\t\t\t<\/div>\n\t\t<div class=\"elementor-element elementor-element-afbfeeb e-con-full e-flex e-con e-child\" data-id=\"afbfeeb\" data-element_type=\"container\" data-e-type=\"container\">\n\t\t\t\t<div class=\"elementor-element elementor-element-9041da7 elementor-widget-tablet__width-initial elementor-widget elementor-widget-image\" data-id=\"9041da7\" data-element_type=\"widget\" data-e-type=\"widget\" data-widget_type=\"image.default\">\n\t\t\t\t\t\t\t\t\t\t\t\t\t\t\t<img fetchpriority=\"high\" decoding=\"async\" width=\"800\" height=\"445\" src=\"https:\/\/dulyere.com\/wp-content\/uploads\/2025\/12\/Gemini_Generated_Image_9srmho9srmho9srm-1024x570.jpeg\" class=\"attachment-large size-large wp-image-6692\" alt=\"photo_frederic_dulyere\" srcset=\"https:\/\/dulyere.com\/wp-content\/uploads\/2025\/12\/Gemini_Generated_Image_9srmho9srmho9srm-1024x570.jpeg 1024w, https:\/\/dulyere.com\/wp-content\/uploads\/2025\/12\/Gemini_Generated_Image_9srmho9srmho9srm-300x167.jpeg 300w, https:\/\/dulyere.com\/wp-content\/uploads\/2025\/12\/Gemini_Generated_Image_9srmho9srmho9srm-768x427.jpeg 768w, https:\/\/dulyere.com\/wp-content\/uploads\/2025\/12\/Gemini_Generated_Image_9srmho9srmho9srm-1536x855.jpeg 1536w, https:\/\/dulyere.com\/wp-content\/uploads\/2025\/12\/Gemini_Generated_Image_9srmho9srmho9srm-2048x1140.jpeg 2048w\" sizes=\"(max-width: 800px) 100vw, 800px\" \/>\t\t\t\t\t\t\t\t\t\t\t\t\t\t\t<\/div>\n\t\t\t\t<\/div>\n\t\t<div class=\"elementor-element elementor-element-091785f e-con-full e-flex e-con e-child\" data-id=\"091785f\" data-element_type=\"container\" data-e-type=\"container\">\n\t\t\t\t<div class=\"elementor-element elementor-element-985eac1 elementor-widget elementor-widget-text-editor\" data-id=\"985eac1\" data-element_type=\"widget\" data-e-type=\"widget\" data-widget_type=\"text-editor.default\">\n\t\t\t\t\t\t\t\t\t<p>From a young age, Fr\u00e9d\u00e9ric Duly\u00e8re has been dedicated to understanding the beauty of objects and the emotion they convey. His background in Art History and Archaeology at the Universit\u00e9 Libre de Bruxelles provides him with a rigorous approach, but it is his instinct and keen eye that have guided his choices for over thirty years.<\/p><p>A curious explorer of collections and places steeped in history, he enjoys discovering pieces that both astonish and captivate: a Murano chandelier crafted by master glassmakers, a marble fireplace salvaged from a private mansion, an art object whose refinement defies time.<\/p><p>Each acquisition is a discovery, each restoration a rebirth.<\/p><p>With his team, he strives to preserve the soul of the works he selects, before presenting them by appointment in Roisin or through recognized specialized platforms. The satisfaction of collectors, decorators, and enlightened enthusiasts who trust him, both in Belgium and internationally, is at the heart of his commitment.<\/p><p>To share the history of objects, to transmit their brilliance, and to offer pieces that resonate: such is Fr\u00e9d\u00e9ric Duly\u00e8re&#8217;s vocation.<\/p>\t\t\t\t\t\t\t\t<\/div>\n\t\t\t\t<\/div>\n\t\t\t\t\t<\/div>\n\t\t\t\t<\/div>\n\t\t\t\t<\/div>\n\t\t","protected":false},"excerpt":{"rendered":"<p>http:\/\/dulyere.com\/wp-content\/uploads\/2025\/10\/VIDEO_QUI_SOMMES_NOUS_DULYERE.mov Fr\u00e9d\u00e9ric Dulyere From a young age, Fr\u00e9d\u00e9ric Duly\u00e8re has been dedicated to understanding the beauty of objects and the emotion they convey. His background in Art History and Archaeology at the Universit\u00e9 Libre de Bruxelles provides him with a rigorous approach, but it is his instinct and keen eye that have guided his choices [&hellip;]<\/p>\n","protected":false},"author":1,"featured_media":0,"parent":0,"menu_order":0,"comment_status":"closed","ping_status":"closed","template":"elementor_header_footer","meta":{"footnotes":""},"class_list":["post-6691","page","type-page","status-publish","hentry"],"yoast_head":"<!-- This site is optimized with the Yoast SEO plugin v26.9 - https:\/\/yoast.com\/product\/yoast-seo-wordpress\/ -->\n<title>About Us - Fr\u00e9d\u00e9ric Duly\u00e8re<\/title>\n<meta name=\"robots\" content=\"index, follow, max-snippet:-1, max-image-preview:large, max-video-preview:-1\" \/>\n<link rel=\"canonical\" href=\"https:\/\/dulyere.com\/en\/qui-sommes-nous\/\" \/>\n<meta property=\"og:locale\" content=\"en_US\" \/>\n<meta property=\"og:type\" content=\"article\" \/>\n<meta property=\"og:title\" content=\"About Us - Fr\u00e9d\u00e9ric Duly\u00e8re\" \/>\n<meta property=\"og:description\" content=\"http:\/\/dulyere.com\/wp-content\/uploads\/2025\/10\/VIDEO_QUI_SOMMES_NOUS_DULYERE.mov Fr\u00e9d\u00e9ric Dulyere From a young age, Fr\u00e9d\u00e9ric Duly\u00e8re has been dedicated to understanding the beauty of objects and the emotion they convey. His background in Art History and Archaeology at the Universit\u00e9 Libre de Bruxelles provides him with a rigorous approach, but it is his instinct and keen eye that have guided his choices [&hellip;]\" \/>\n<meta property=\"og:url\" content=\"https:\/\/dulyere.com\/en\/qui-sommes-nous\/\" \/>\n<meta property=\"og:site_name\" content=\"Fr\u00e9d\u00e9ric Duly\u00e8re\" \/>\n<meta property=\"article:modified_time\" content=\"2026-02-05T19:45:24+00:00\" \/>\n<meta property=\"og:image\" content=\"https:\/\/dulyere.com\/wp-content\/uploads\/2025\/12\/Gemini_Generated_Image_9srmho9srmho9srm-scaled.jpeg\" \/>\n\t<meta property=\"og:image:width\" content=\"2560\" \/>\n\t<meta property=\"og:image:height\" content=\"1424\" \/>\n\t<meta property=\"og:image:type\" content=\"image\/jpeg\" \/>\n<meta name=\"twitter:card\" content=\"summary_large_image\" \/>\n<meta name=\"twitter:label1\" content=\"Est. reading time\" \/>\n\t<meta name=\"twitter:data1\" content=\"1 minute\" \/>\n<script type=\"application\/ld+json\" class=\"yoast-schema-graph\">{\"@context\":\"https:\/\/schema.org\",\"@graph\":[{\"@type\":\"WebPage\",\"@id\":\"https:\/\/dulyere.com\/en\/qui-sommes-nous\/\",\"url\":\"https:\/\/dulyere.com\/en\/qui-sommes-nous\/\",\"name\":\"About Us - Fr\u00e9d\u00e9ric Duly\u00e8re\",\"isPartOf\":{\"@id\":\"https:\/\/dulyere.com\/en\/#website\"},\"primaryImageOfPage\":{\"@id\":\"https:\/\/dulyere.com\/en\/qui-sommes-nous\/#primaryimage\"},\"image\":{\"@id\":\"https:\/\/dulyere.com\/en\/qui-sommes-nous\/#primaryimage\"},\"thumbnailUrl\":\"https:\/\/dulyere.com\/wp-content\/uploads\/2025\/12\/Gemini_Generated_Image_9srmho9srmho9srm-1024x570.jpeg\",\"datePublished\":\"2025-09-29T11:16:03+00:00\",\"dateModified\":\"2026-02-05T19:45:24+00:00\",\"breadcrumb\":{\"@id\":\"https:\/\/dulyere.com\/en\/qui-sommes-nous\/#breadcrumb\"},\"inLanguage\":\"en-US\",\"potentialAction\":[{\"@type\":\"ReadAction\",\"target\":[\"https:\/\/dulyere.com\/en\/qui-sommes-nous\/\"]}]},{\"@type\":\"ImageObject\",\"inLanguage\":\"en-US\",\"@id\":\"https:\/\/dulyere.com\/en\/qui-sommes-nous\/#primaryimage\",\"url\":\"https:\/\/dulyere.com\/wp-content\/uploads\/2025\/12\/Gemini_Generated_Image_9srmho9srmho9srm-1024x570.jpeg\",\"contentUrl\":\"https:\/\/dulyere.com\/wp-content\/uploads\/2025\/12\/Gemini_Generated_Image_9srmho9srmho9srm-1024x570.jpeg\"},{\"@type\":\"BreadcrumbList\",\"@id\":\"https:\/\/dulyere.com\/en\/qui-sommes-nous\/#breadcrumb\",\"itemListElement\":[{\"@type\":\"ListItem\",\"position\":1,\"name\":\"Accueil\",\"item\":\"https:\/\/dulyere.com\/en\/\"},{\"@type\":\"ListItem\",\"position\":2,\"name\":\"About Us\"}]},{\"@type\":\"WebSite\",\"@id\":\"https:\/\/dulyere.com\/en\/#website\",\"url\":\"https:\/\/dulyere.com\/en\/\",\"name\":\"Fr\u00e9d\u00e9ric Duly\u00e8re\",\"description\":\"\",\"potentialAction\":[{\"@type\":\"SearchAction\",\"target\":{\"@type\":\"EntryPoint\",\"urlTemplate\":\"https:\/\/dulyere.com\/en\/?s={search_term_string}\"},\"query-input\":{\"@type\":\"PropertyValueSpecification\",\"valueRequired\":true,\"valueName\":\"search_term_string\"}}],\"inLanguage\":\"en-US\"}]}<\/script>\n<!-- \/ Yoast SEO plugin. -->","yoast_head_json":{"title":"About Us - Fr\u00e9d\u00e9ric Duly\u00e8re","robots":{"index":"index","follow":"follow","max-snippet":"max-snippet:-1","max-image-preview":"max-image-preview:large","max-video-preview":"max-video-preview:-1"},"canonical":"https:\/\/dulyere.com\/en\/qui-sommes-nous\/","og_locale":"en_US","og_type":"article","og_title":"About Us - Fr\u00e9d\u00e9ric Duly\u00e8re","og_description":"http:\/\/dulyere.com\/wp-content\/uploads\/2025\/10\/VIDEO_QUI_SOMMES_NOUS_DULYERE.mov Fr\u00e9d\u00e9ric Dulyere From a young age, Fr\u00e9d\u00e9ric Duly\u00e8re has been dedicated to understanding the beauty of objects and the emotion they convey. His background in Art History and Archaeology at the Universit\u00e9 Libre de Bruxelles provides him with a rigorous approach, but it is his instinct and keen eye that have guided his choices [&hellip;]","og_url":"https:\/\/dulyere.com\/en\/qui-sommes-nous\/","og_site_name":"Fr\u00e9d\u00e9ric Duly\u00e8re","article_modified_time":"2026-02-05T19:45:24+00:00","og_image":[{"width":2560,"height":1424,"url":"https:\/\/dulyere.com\/wp-content\/uploads\/2025\/12\/Gemini_Generated_Image_9srmho9srmho9srm-scaled.jpeg","type":"image\/jpeg"}],"twitter_card":"summary_large_image","twitter_misc":{"Est. reading time":"1 minute"},"schema":{"@context":"https:\/\/schema.org","@graph":[{"@type":"WebPage","@id":"https:\/\/dulyere.com\/en\/qui-sommes-nous\/","url":"https:\/\/dulyere.com\/en\/qui-sommes-nous\/","name":"About Us - Fr\u00e9d\u00e9ric Duly\u00e8re","isPartOf":{"@id":"https:\/\/dulyere.com\/en\/#website"},"primaryImageOfPage":{"@id":"https:\/\/dulyere.com\/en\/qui-sommes-nous\/#primaryimage"},"image":{"@id":"https:\/\/dulyere.com\/en\/qui-sommes-nous\/#primaryimage"},"thumbnailUrl":"https:\/\/dulyere.com\/wp-content\/uploads\/2025\/12\/Gemini_Generated_Image_9srmho9srmho9srm-1024x570.jpeg","datePublished":"2025-09-29T11:16:03+00:00","dateModified":"2026-02-05T19:45:24+00:00","breadcrumb":{"@id":"https:\/\/dulyere.com\/en\/qui-sommes-nous\/#breadcrumb"},"inLanguage":"en-US","potentialAction":[{"@type":"ReadAction","target":["https:\/\/dulyere.com\/en\/qui-sommes-nous\/"]}]},{"@type":"ImageObject","inLanguage":"en-US","@id":"https:\/\/dulyere.com\/en\/qui-sommes-nous\/#primaryimage","url":"https:\/\/dulyere.com\/wp-content\/uploads\/2025\/12\/Gemini_Generated_Image_9srmho9srmho9srm-1024x570.jpeg","contentUrl":"https:\/\/dulyere.com\/wp-content\/uploads\/2025\/12\/Gemini_Generated_Image_9srmho9srmho9srm-1024x570.jpeg"},{"@type":"BreadcrumbList","@id":"https:\/\/dulyere.com\/en\/qui-sommes-nous\/#breadcrumb","itemListElement":[{"@type":"ListItem","position":1,"name":"Accueil","item":"https:\/\/dulyere.com\/en\/"},{"@type":"ListItem","position":2,"name":"About Us"}]},{"@type":"WebSite","@id":"https:\/\/dulyere.com\/en\/#website","url":"https:\/\/dulyere.com\/en\/","name":"Fr\u00e9d\u00e9ric Duly\u00e8re","description":"","potentialAction":[{"@type":"SearchAction","target":{"@type":"EntryPoint","urlTemplate":"https:\/\/dulyere.com\/en\/?s={search_term_string}"},"query-input":{"@type":"PropertyValueSpecification","valueRequired":true,"valueName":"search_term_string"}}],"inLanguage":"en-US"}]}},"_links":{"self":[{"href":"https:\/\/dulyere.com\/en\/wp-json\/wp\/v2\/pages\/6691","targetHints":{"allow":["GET"]}}],"collection":[{"href":"https:\/\/dulyere.com\/en\/wp-json\/wp\/v2\/pages"}],"about":[{"href":"https:\/\/dulyere.com\/en\/wp-json\/wp\/v2\/types\/page"}],"author":[{"embeddable":true,"href":"https:\/\/dulyere.com\/en\/wp-json\/wp\/v2\/users\/1"}],"replies":[{"embeddable":true,"href":"https:\/\/dulyere.com\/en\/wp-json\/wp\/v2\/comments?post=6691"}],"version-history":[{"count":1,"href":"https:\/\/dulyere.com\/en\/wp-json\/wp\/v2\/pages\/6691\/revisions"}],"predecessor-version":[{"id":6693,"href":"https:\/\/dulyere.com\/en\/wp-json\/wp\/v2\/pages\/6691\/revisions\/6693"}],"wp:attachment":[{"href":"https:\/\/dulyere.com\/en\/wp-json\/wp\/v2\/media?parent=6691"}],"curies":[{"name":"wp","href":"https:\/\/api.w.org\/{rel}","templated":true}]}}